{"id":11708,"date":"2023-04-27T21:58:56","date_gmt":"2023-04-27T21:58:56","guid":{"rendered":"https:\/\/america.sitesolimpo.tech\/?page_id=11708"},"modified":"2023-04-28T18:19:57","modified_gmt":"2023-04-28T18:19:57","slug":"repavimentacion-asfaltica","status":"publish","type":"page","link":"https:\/\/america.com.uy\/construccion\/repavimentacion-asfaltica\/","title":{"rendered":"Repavimentaci\u00f3n asf\u00e1ltica sobre bases cementadas"},"content":{"rendered":"\t\t<div data-elementor-type=\"wp-page\" data-elementor-id=\"11708\" class=\"elementor elementor-11708\">\n\t\t\t\t\t\t<section class=\"elementor-section elementor-top-section elementor-element elementor-element-6fcd9be elementor-section-boxed elementor-section-height-default elementor-section-height-default\" data-id=\"6fcd9be\" data-element_type=\"section\" data-e-type=\"section\">\n\t\t\t\t\t\t<div class=\"elementor-container elementor-column-gap-default\">\n\t\t\t\t\t<div class=\"elementor-column elementor-col-50 elementor-top-column elementor-element elementor-element-5b584501\" data-id=\"5b584501\" data-element_type=\"column\" data-e-type=\"column\">\n\t\t\t<div class=\"elementor-widget-wrap elementor-element-populated\">\n\t\t\t\t\t\t<div class=\"elementor-element elementor-element-4ed6dc48 elementor-widget elementor-widget-hub_fancy_heading\" data-id=\"4ed6dc48\" data-element_type=\"widget\" data-e-type=\"widget\" data-widget_type=\"hub_fancy_heading.default\">\n\t\t\t\t<div class=\"elementor-widget-container\">\n\t\t\t\t\t\n\t\t<div id=\"ld-fancy-heading-69e7494556c92\" class=\"ld-fancy-heading pos-rel\">\n\t\t\t<h1 class=\"ld-fh-element d-inline-block pos-rel  elementor-heading-title lqd-highlight-classic lqd-highlight-grow-left h1\"  > Repavimentaci\u00f3n asf\u00e1ltica sobre bases cementadas <small style=\"font-size: 15px;margin-inline-start: 25px\">Caso de obra<\/small><\/h1>\t\t<\/div>\n\n\t\t\t\t\t\t<\/div>\n\t\t\t\t<\/div>\n\t\t\t\t\t<\/div>\n\t\t<\/div>\n\t\t\t\t<div class=\"elementor-column elementor-col-50 elementor-top-column elementor-element elementor-element-3c4a4784\" data-id=\"3c4a4784\" data-element_type=\"column\" data-e-type=\"column\">\n\t\t\t<div class=\"elementor-widget-wrap elementor-element-populated\">\n\t\t\t\t\t\t<div class=\"elementor-element elementor-element-3b94957a elementor-widget__width-auto elementor-widget elementor-widget-ld_button\" data-id=\"3b94957a\" data-element_type=\"widget\" data-e-type=\"widget\" data-widget_type=\"ld_button.default\">\n\t\t\t\t<div class=\"elementor-widget-container\">\n\t\t\t\t\t\n\t\t\t<a\n\t\t\t\thref=\"https:\/\/america.com.uy\/construccion\/casos-de-obra\"class=\"elementor-button btn btn-naked btn-icon-right btn-has-label\"\t\t\t>\n\t\t\t\t\t\t\t\t\t<span data-text=\"Volver\" class=\"btn-txt\">\n\t\t\t\t\t\tVolver\t\t\t\t\t<\/span>\n\t\t\t\t\t\t\t\t\t\t\t\t\t\t<span class=\"btn-icon\">\n\t\t\t\t\t\t\t<i aria-hidden=\"true\" class=\"lqd-icn-ess icon-md-arrow-round-back\"><\/i>\t\t\t\t\t\t<\/span>\n\t\t\t\t\t\t\t\t\t<\/a>\n\t\t\t\t\t\t\t<\/div>\n\t\t\t\t<\/div>\n\t\t\t\t\t<\/div>\n\t\t<\/div>\n\t\t\t\t\t<\/div>\n\t\t<\/section>\n\t\t\t\t<section class=\"elementor-section elementor-top-section elementor-element elementor-element-4a369d2c elementor-section-boxed elementor-section-height-default elementor-section-height-default\" data-id=\"4a369d2c\" data-element_type=\"section\" data-e-type=\"section\">\n\t\t\t\t\t\t<div class=\"elementor-container elementor-column-gap-default\">\n\t\t\t\t\t<div class=\"elementor-column elementor-col-100 elementor-top-column elementor-element elementor-element-377f5ea8\" data-id=\"377f5ea8\" data-element_type=\"column\" data-e-type=\"column\">\n\t\t\t<div class=\"elementor-widget-wrap elementor-element-populated\">\n\t\t\t\t\t\t<div class=\"elementor-element elementor-element-3af8a7c7 elementor-widget elementor-widget-ld_gallery\" data-id=\"3af8a7c7\" data-element_type=\"widget\" data-e-type=\"widget\" data-widget_type=\"ld_gallery.default\">\n\t\t\t\t<div class=\"elementor-widget-container\">\n\t\t\t\t\t\n\t\t<div class=\"lqd-img-gal\">\n\n\t\t\t<div class=\"lqd-img-gal-imgs\">\n\n\t\t\t\t<div class=\"carousel-container pos-rel carousel-nav-floated carousel-nav-center carousel-nav-middle carousel-nav-lg carousel-nav-solid carousel-nav-circle carousel-nav-appear-onhover carousel-dots-mobile-inside\">\n\t\t\t\t\t<div class=\"carousel-items pos-rel\" data-lqd-flickity='{ \"prevNextButtons\": true, \"navArrow\": \"6\", \"parallax\": true, \"adaptiveHeight\": true }' id=\"lqd-image-gallery-3af8a7c7main-carousel\">\n\n\t\t\t\t\t\t<div class=\"flickity-viewport pos-rel w-100 overflow-hidden\">\n\t\t\t\t\t\t\t<div class=\"flickity-slider d-flex w-100 h-100 pos-rel\" style=\"left: 0; transform: translateX(0%);\">\n\n\t\t\t\t\t\t\t\t\t\t\t\t\t\t\t\t<div class=\"carousel-item d-flex flex-column justify-content-center w-100 flex-auto has-one-child\">\n\t\t\t\t\t\t\t\t\t<div class=\"carousel-item-inner pos-rel w-100\">\n\t\t\t\t\t\t\t\t\t\t<div class=\"carousel-item-content pos-rel w-100\">\n\t\t\t\t\t\t\t\t\t\t\t<figure class=\"w-100\">\n\t\t\t\t\t\t\t\t\t\t\t\t<img fetchpriority=\"high\" decoding=\"async\" width=\"817\" height=\"532\" src=\"https:\/\/america.com.uy\/construccion\/wp-content\/uploads\/2023\/04\/1-1.jpg\" class=\"w-100\" alt=\"\" srcset=\"https:\/\/america.com.uy\/construccion\/wp-content\/uploads\/2023\/04\/1-1.jpg 817w, https:\/\/america.com.uy\/construccion\/wp-content\/uploads\/2023\/04\/1-1-300x195.jpg 300w\" sizes=\"(max-width: 817px) 100vw, 817px\" itemprop=\"image\" \/>\t\t\t\t\t\t\t\t\t\t\t<\/figure>\n\t\t\t\t\t\t\t\t\t\t<\/div>\n\t\t\t\t\t\t\t\t\t<\/div>\n\t\t\t\t\t\t\t\t<\/div>\n\t\t\t\t\t\t\t\t\t\t\t\t\t\t\t\t<div class=\"carousel-item d-flex flex-column justify-content-center w-100 flex-auto has-one-child\">\n\t\t\t\t\t\t\t\t\t<div class=\"carousel-item-inner pos-rel w-100\">\n\t\t\t\t\t\t\t\t\t\t<div class=\"carousel-item-content pos-rel w-100\">\n\t\t\t\t\t\t\t\t\t\t\t<figure class=\"w-100\">\n\t\t\t\t\t\t\t\t\t\t\t\t<img decoding=\"async\" width=\"600\" height=\"596\" src=\"data:image\/svg+xml;charset=utf-8,%3Csvg xmlns%3D&#039;http%3A%2F%2Fwww.w3.org%2F2000%2Fsvg&#039; viewBox%3D&#039;0 0  &#039;%2F%3E\" class=\"w-100 ld-lazyload\" alt=\"\" itemprop=\"image\" data-src=\"https:\/\/america.com.uy\/construccion\/wp-content\/uploads\/2023\/04\/2.jpg\" data-srcset=\"https:\/\/america.com.uy\/construccion\/wp-content\/uploads\/2023\/04\/2.jpg 600w, https:\/\/america.com.uy\/construccion\/wp-content\/uploads\/2023\/04\/2-300x298.jpg 300w, https:\/\/america.com.uy\/construccion\/wp-content\/uploads\/2023\/04\/2-150x150.jpg 150w\" data-sizes=\"(max-width: 600px) 100vw, 600px\" data-aspect=\"\" \/>\t\t\t\t\t\t\t\t\t\t\t<\/figure>\n\t\t\t\t\t\t\t\t\t\t<\/div>\n\t\t\t\t\t\t\t\t\t<\/div>\n\t\t\t\t\t\t\t\t<\/div>\n\t\t\t\t\t\t\t\t\t\t\t\t\t\t\t\t<div class=\"carousel-item d-flex flex-column justify-content-center w-100 flex-auto has-one-child\">\n\t\t\t\t\t\t\t\t\t<div class=\"carousel-item-inner pos-rel w-100\">\n\t\t\t\t\t\t\t\t\t\t<div class=\"carousel-item-content pos-rel w-100\">\n\t\t\t\t\t\t\t\t\t\t\t<figure class=\"w-100\">\n\t\t\t\t\t\t\t\t\t\t\t\t<img decoding=\"async\" width=\"962\" height=\"811\" src=\"data:image\/svg+xml;charset=utf-8,%3Csvg xmlns%3D&#039;http%3A%2F%2Fwww.w3.org%2F2000%2Fsvg&#039; viewBox%3D&#039;0 0  &#039;%2F%3E\" class=\"w-100 ld-lazyload\" alt=\"\" itemprop=\"image\" data-src=\"https:\/\/america.com.uy\/construccion\/wp-content\/uploads\/2023\/04\/3.jpg\" data-srcset=\"https:\/\/america.com.uy\/construccion\/wp-content\/uploads\/2023\/04\/3.jpg 962w, https:\/\/america.com.uy\/construccion\/wp-content\/uploads\/2023\/04\/3-300x253.jpg 300w\" data-sizes=\"(max-width: 962px) 100vw, 962px\" data-aspect=\"\" \/>\t\t\t\t\t\t\t\t\t\t\t<\/figure>\n\t\t\t\t\t\t\t\t\t\t<\/div>\n\t\t\t\t\t\t\t\t\t<\/div>\n\t\t\t\t\t\t\t\t<\/div>\n\t\t\t\t\t\t\t\t\t\t\t\t\t\t\t\t<div class=\"carousel-item d-flex flex-column justify-content-center w-100 flex-auto has-one-child\">\n\t\t\t\t\t\t\t\t\t<div class=\"carousel-item-inner pos-rel w-100\">\n\t\t\t\t\t\t\t\t\t\t<div class=\"carousel-item-content pos-rel w-100\">\n\t\t\t\t\t\t\t\t\t\t\t<figure class=\"w-100\">\n\t\t\t\t\t\t\t\t\t\t\t\t<img loading=\"lazy\" decoding=\"async\" width=\"875\" height=\"306\" src=\"data:image\/svg+xml;charset=utf-8,%3Csvg xmlns%3D&#039;http%3A%2F%2Fwww.w3.org%2F2000%2Fsvg&#039; viewBox%3D&#039;0 0  &#039;%2F%3E\" class=\"w-100 ld-lazyload\" alt=\"\" itemprop=\"image\" data-src=\"https:\/\/america.com.uy\/construccion\/wp-content\/uploads\/2023\/04\/4.jpg\" data-srcset=\"https:\/\/america.com.uy\/construccion\/wp-content\/uploads\/2023\/04\/4.jpg 875w, https:\/\/america.com.uy\/construccion\/wp-content\/uploads\/2023\/04\/4-300x105.jpg 300w\" data-sizes=\"(max-width: 875px) 100vw, 875px\" data-aspect=\"\" \/>\t\t\t\t\t\t\t\t\t\t\t<\/figure>\n\t\t\t\t\t\t\t\t\t\t<\/div>\n\t\t\t\t\t\t\t\t\t<\/div>\n\t\t\t\t\t\t\t\t<\/div>\n\t\t\t\t\t\t\t\t\t\t\t\t\t\t\t\t<div class=\"carousel-item d-flex flex-column justify-content-center w-100 flex-auto has-one-child\">\n\t\t\t\t\t\t\t\t\t<div class=\"carousel-item-inner pos-rel w-100\">\n\t\t\t\t\t\t\t\t\t\t<div class=\"carousel-item-content pos-rel w-100\">\n\t\t\t\t\t\t\t\t\t\t\t<figure class=\"w-100\">\n\t\t\t\t\t\t\t\t\t\t\t\t<img loading=\"lazy\" decoding=\"async\" width=\"400\" height=\"200\" src=\"data:image\/svg+xml;charset=utf-8,%3Csvg xmlns%3D&#039;http%3A%2F%2Fwww.w3.org%2F2000%2Fsvg&#039; viewBox%3D&#039;0 0  &#039;%2F%3E\" class=\"w-100 ld-lazyload\" alt=\"\" itemprop=\"image\" data-src=\"https:\/\/america.com.uy\/construccion\/wp-content\/uploads\/2023\/04\/HueskerNewLogo.png\" data-srcset=\"https:\/\/america.com.uy\/construccion\/wp-content\/uploads\/2023\/04\/HueskerNewLogo.png 400w, https:\/\/america.com.uy\/construccion\/wp-content\/uploads\/2023\/04\/HueskerNewLogo-300x150.png 300w\" data-sizes=\"(max-width: 400px) 100vw, 400px\" data-aspect=\"\" \/>\t\t\t\t\t\t\t\t\t\t\t<\/figure>\n\t\t\t\t\t\t\t\t\t\t<\/div>\n\t\t\t\t\t\t\t\t\t<\/div>\n\t\t\t\t\t\t\t\t<\/div>\n\t\t\t\t\t\t\t\t\n\t\t\t\t\t\t\t<\/div>\n\t\t\t\t\t\t<\/div>\n\t\t\t\t\t<\/div>\n\t\t\t\t<\/div>\n\n\t\t\t<\/div>\n\n\t\t\t<div class=\"lqd-img-gal-thumbs\">\n\n\t\t\t\t<div class=\"carousel-container\">\n\t\t\t\t\t<div class=\"carousel-items pos-rel\" data-lqd-flickity='{ \"contain\": false, \"pageDots\": false, \"asNavFor\": \"#lqd-image-gallery-3af8a7c7main-carousel\" }'>\n\n\t\t\t\t\t\t<div class=\"flickity-viewport pos-rel w-100 overflow-hidden\">\n\t\t\t\t\t\t\t<div class=\"flickity-slider d-flex w-100 h-100 pos-rel\" style=\"left: 0; transform: translateX(0%);\">\n\n\t\t\t\t\t\t\t\t\t\t\t\t\t\t\t\t<div class=\"carousel-item d-flex flex-column justify-content-center flex-auto has-one-child\">\n\t\t\t\t\t\t\t\t\t<div class=\"carousel-item-inner pos-rel w-100\">\n\t\t\t\t\t\t\t\t\t\t<div class=\"carousel-item-content pos-rel w-100\">\n\t\t\t\t\t\t\t\t\t\t\t<figure class=\"w-100 pos-rel\">\n\t\t\t\t\t\t\t\t\t\t\t\t<img loading=\"lazy\" decoding=\"async\" width=\"108\" height=\"70\" src=\"data:image\/svg+xml;charset=utf-8,%3Csvg xmlns%3D&#039;http%3A%2F%2Fwww.w3.org%2F2000%2Fsvg&#039; viewBox%3D&#039;0 0  &#039;%2F%3E\" class=\"w-100 h-100 objfit-cover objfit-center ld-lazyload\" alt=\"\" itemprop=\"image\" data-src=\"https:\/\/america.com.uy\/construccion\/wp-content\/uploads\/2023\/04\/1-1.jpg\" data-srcset=\"https:\/\/america.com.uy\/construccion\/wp-content\/uploads\/2023\/04\/1-1.jpg 817w, https:\/\/america.com.uy\/construccion\/wp-content\/uploads\/2023\/04\/1-1-300x195.jpg 300w\" data-sizes=\"(max-width: 108px) 100vw, 108px\" data-aspect=\"\" \/>\t\t\t\t\t\t\t\t\t\t\t<\/figure>\n\t\t\t\t\t\t\t\t\t\t<\/div>\n\t\t\t\t\t\t\t\t\t<\/div>\n\t\t\t\t\t\t\t\t<\/div>\n\t\t\t\t\t\t\t\t\t\t\t\t\t\t\t\t<div class=\"carousel-item d-flex flex-column justify-content-center flex-auto has-one-child\">\n\t\t\t\t\t\t\t\t\t<div class=\"carousel-item-inner pos-rel w-100\">\n\t\t\t\t\t\t\t\t\t\t<div class=\"carousel-item-content pos-rel w-100\">\n\t\t\t\t\t\t\t\t\t\t\t<figure class=\"w-100 pos-rel\">\n\t\t\t\t\t\t\t\t\t\t\t\t<img loading=\"lazy\" decoding=\"async\" width=\"70\" height=\"70\" src=\"data:image\/svg+xml;charset=utf-8,%3Csvg xmlns%3D&#039;http%3A%2F%2Fwww.w3.org%2F2000%2Fsvg&#039; viewBox%3D&#039;0 0  &#039;%2F%3E\" class=\"w-100 h-100 objfit-cover objfit-center ld-lazyload\" alt=\"\" itemprop=\"image\" data-src=\"https:\/\/america.com.uy\/construccion\/wp-content\/uploads\/2023\/04\/2.jpg\" data-srcset=\"https:\/\/america.com.uy\/construccion\/wp-content\/uploads\/2023\/04\/2.jpg 600w, https:\/\/america.com.uy\/construccion\/wp-content\/uploads\/2023\/04\/2-300x298.jpg 300w, https:\/\/america.com.uy\/construccion\/wp-content\/uploads\/2023\/04\/2-150x150.jpg 150w\" data-sizes=\"(max-width: 70px) 100vw, 70px\" data-aspect=\"\" \/>\t\t\t\t\t\t\t\t\t\t\t<\/figure>\n\t\t\t\t\t\t\t\t\t\t<\/div>\n\t\t\t\t\t\t\t\t\t<\/div>\n\t\t\t\t\t\t\t\t<\/div>\n\t\t\t\t\t\t\t\t\t\t\t\t\t\t\t\t<div class=\"carousel-item d-flex flex-column justify-content-center flex-auto has-one-child\">\n\t\t\t\t\t\t\t\t\t<div class=\"carousel-item-inner pos-rel w-100\">\n\t\t\t\t\t\t\t\t\t\t<div class=\"carousel-item-content pos-rel w-100\">\n\t\t\t\t\t\t\t\t\t\t\t<figure class=\"w-100 pos-rel\">\n\t\t\t\t\t\t\t\t\t\t\t\t<img loading=\"lazy\" decoding=\"async\" width=\"83\" height=\"70\" src=\"data:image\/svg+xml;charset=utf-8,%3Csvg xmlns%3D&#039;http%3A%2F%2Fwww.w3.org%2F2000%2Fsvg&#039; viewBox%3D&#039;0 0  &#039;%2F%3E\" class=\"w-100 h-100 objfit-cover objfit-center ld-lazyload\" alt=\"\" itemprop=\"image\" data-src=\"https:\/\/america.com.uy\/construccion\/wp-content\/uploads\/2023\/04\/3.jpg\" data-srcset=\"https:\/\/america.com.uy\/construccion\/wp-content\/uploads\/2023\/04\/3.jpg 962w, https:\/\/america.com.uy\/construccion\/wp-content\/uploads\/2023\/04\/3-300x253.jpg 300w\" data-sizes=\"(max-width: 83px) 100vw, 83px\" data-aspect=\"\" \/>\t\t\t\t\t\t\t\t\t\t\t<\/figure>\n\t\t\t\t\t\t\t\t\t\t<\/div>\n\t\t\t\t\t\t\t\t\t<\/div>\n\t\t\t\t\t\t\t\t<\/div>\n\t\t\t\t\t\t\t\t\t\t\t\t\t\t\t\t<div class=\"carousel-item d-flex flex-column justify-content-center flex-auto has-one-child\">\n\t\t\t\t\t\t\t\t\t<div class=\"carousel-item-inner pos-rel w-100\">\n\t\t\t\t\t\t\t\t\t\t<div class=\"carousel-item-content pos-rel w-100\">\n\t\t\t\t\t\t\t\t\t\t\t<figure class=\"w-100 pos-rel\">\n\t\t\t\t\t\t\t\t\t\t\t\t<img loading=\"lazy\" decoding=\"async\" width=\"160\" height=\"70\" src=\"data:image\/svg+xml;charset=utf-8,%3Csvg xmlns%3D&#039;http%3A%2F%2Fwww.w3.org%2F2000%2Fsvg&#039; viewBox%3D&#039;0 0  &#039;%2F%3E\" class=\"w-100 h-100 objfit-cover objfit-center ld-lazyload\" alt=\"\" itemprop=\"image\" data-src=\"https:\/\/america.com.uy\/construccion\/wp-content\/uploads\/2023\/04\/4-700x306.jpg\" data-aspect=\"\" \/>\t\t\t\t\t\t\t\t\t\t\t<\/figure>\n\t\t\t\t\t\t\t\t\t\t<\/div>\n\t\t\t\t\t\t\t\t\t<\/div>\n\t\t\t\t\t\t\t\t<\/div>\n\t\t\t\t\t\t\t\t\t\t\t\t\t\t\t\t<div class=\"carousel-item d-flex flex-column justify-content-center flex-auto has-one-child\">\n\t\t\t\t\t\t\t\t\t<div class=\"carousel-item-inner pos-rel w-100\">\n\t\t\t\t\t\t\t\t\t\t<div class=\"carousel-item-content pos-rel w-100\">\n\t\t\t\t\t\t\t\t\t\t\t<figure class=\"w-100 pos-rel\">\n\t\t\t\t\t\t\t\t\t\t\t\t<img loading=\"lazy\" decoding=\"async\" width=\"140\" height=\"70\" src=\"data:image\/svg+xml;charset=utf-8,%3Csvg xmlns%3D&#039;http%3A%2F%2Fwww.w3.org%2F2000%2Fsvg&#039; viewBox%3D&#039;0 0  &#039;%2F%3E\" class=\"w-100 h-100 objfit-cover objfit-center ld-lazyload\" alt=\"\" itemprop=\"image\" data-src=\"https:\/\/america.com.uy\/construccion\/wp-content\/uploads\/2023\/04\/HueskerNewLogo.png\" data-srcset=\"https:\/\/america.com.uy\/construccion\/wp-content\/uploads\/2023\/04\/HueskerNewLogo.png 400w, https:\/\/america.com.uy\/construccion\/wp-content\/uploads\/2023\/04\/HueskerNewLogo-300x150.png 300w\" data-sizes=\"(max-width: 140px) 100vw, 140px\" data-aspect=\"\" \/>\t\t\t\t\t\t\t\t\t\t\t<\/figure>\n\t\t\t\t\t\t\t\t\t\t<\/div>\n\t\t\t\t\t\t\t\t\t<\/div>\n\t\t\t\t\t\t\t\t<\/div>\n\t\t\t\t\t\t\t\t\n\t\t\t\t\t\t\t<\/div>\n\t\t\t\t\t\t<\/div>\n\t\t\t\t\t<\/div>\n\t\t\t\t<\/div>\n\n\t\t\t<\/div>\n\n\t\t<\/div>\n\n\t\t\t\t\t\t<\/div>\n\t\t\t\t<\/div>\n\t\t\t\t\t<\/div>\n\t\t<\/div>\n\t\t\t\t\t<\/div>\n\t\t<\/section>\n\t\t\t\t<section class=\"elementor-section elementor-top-section elementor-element elementor-element-518884a6 elementor-section-boxed elementor-section-height-default elementor-section-height-default\" data-id=\"518884a6\" data-element_type=\"section\" data-e-type=\"section\">\n\t\t\t\t\t\t<div class=\"elementor-container elementor-column-gap-default\">\n\t\t\t\t\t<div class=\"elementor-column elementor-col-100 elementor-top-column elementor-element elementor-element-563f607f\" data-id=\"563f607f\" data-element_type=\"column\" data-e-type=\"column\">\n\t\t\t<div class=\"elementor-widget-wrap elementor-element-populated\">\n\t\t\t\t\t\t<div class=\"elementor-element elementor-element-fe0d4ac elementor-widget elementor-widget-spacer\" data-id=\"fe0d4ac\" data-element_type=\"widget\" data-e-type=\"widget\" data-widget_type=\"spacer.default\">\n\t\t\t\t<div class=\"elementor-widget-container\">\n\t\t\t\t\t\t\t<div class=\"elementor-spacer\">\n\t\t\t<div class=\"elementor-spacer-inner\"><\/div>\n\t\t<\/div>\n\t\t\t\t\t\t<\/div>\n\t\t\t\t<\/div>\n\t\t\t\t<div class=\"elementor-element elementor-element-1c8d7f3e elementor-widget elementor-widget-hub_fancy_heading\" data-id=\"1c8d7f3e\" data-element_type=\"widget\" data-e-type=\"widget\" data-widget_type=\"hub_fancy_heading.default\">\n\t\t\t\t<div class=\"elementor-widget-container\">\n\t\t\t\t\t\n\t\t<div id=\"ld-fancy-heading-69e749455e931\" class=\"ld-fancy-heading pos-rel\">\n\t\t\t<h2 class=\"ld-fh-element d-inline-block pos-rel  elementor-heading-title lqd-highlight-classic lqd-highlight-grow-left h2\"  > Sistema anti-reflecci\u00f3n de fisuras de bases cementadas<\/h2>\t\t<\/div>\n\n\t\t\t\t\t\t<\/div>\n\t\t\t\t<\/div>\n\t\t\t\t<div class=\"elementor-element elementor-element-8536349 elementor-widget elementor-widget-spacer\" data-id=\"8536349\" data-element_type=\"widget\" data-e-type=\"widget\" data-widget_type=\"spacer.default\">\n\t\t\t\t<div class=\"elementor-widget-container\">\n\t\t\t\t\t\t\t<div class=\"elementor-spacer\">\n\t\t\t<div class=\"elementor-spacer-inner\"><\/div>\n\t\t<\/div>\n\t\t\t\t\t\t<\/div>\n\t\t\t\t<\/div>\n\t\t\t\t<div class=\"elementor-element elementor-element-47cdcc8d elementor-widget elementor-widget-hub_fancy_heading\" data-id=\"47cdcc8d\" data-element_type=\"widget\" data-e-type=\"widget\" data-widget_type=\"hub_fancy_heading.default\">\n\t\t\t\t<div class=\"elementor-widget-container\">\n\t\t\t\t\t\n\t\t<div id=\"ld-fancy-heading-69e749455f485\" class=\"ld-fancy-heading pos-rel\">\n\t\t\t<p class=\"ld-fh-element d-inline-block pos-rel  lqd-highlight-classic lqd-highlight-grow-left p\"  > La estructura de pavimento de anillo perif\u00e9rico Jos\u00e9 Roberto Magalhaes Teixeira, que circunda la cuidad de Campinas, interconectando las rutas Anhanguera (SP-330) y D. Pedro I (SP-65), consiste en una capa de BGTC (grava graduada tratada con cemento) y un revestimiento asf\u00e1ltico en CBUQ (Concreto Bituminoso en caliente aplicado en tres capas.\nDurante la ejecuci\u00f3n de la obra, que fue interrumpida por algunos meses despu\u00e9s de la aplicaci\u00f3n de la primera camada de CBUQ, se verific\u00f3 que las fisuras provenientes de la base cementada hab\u00edan reflejado( en agosto del 2000). Estas fisuras transversales de origen t\u00e9rmico, con gran potencial de propagaci\u00f3n (aberturas entre 5 y 50 mm), fueron relevadas a lo largo del trecho con intervalos regulares entre 8 a 10 metros. La causa probable de esa fisuraci\u00f3n fue atribuida a la elevada rigidez de la mezcla cementada, provocando la retracci\u00f3n de la capa de base.\nSe plantearon distintas soluciones, siempre buscando un m\u00ednimo impacto en el cronograma de obra y en los costos de implantaci\u00f3n. La medida correctiva inicial fue el fresado seguido de la reposici\u00f3n de la capa con CBUQ convencional. Sin embargo, esta instancia no logr\u00f3 impedir el resurgimiento de nuevas fisuras en los mismos intervalos en donde se hab\u00eda realizado el fresado.\nLa soluci\u00f3n definitiva para el problema de reflexi\u00f3n de fisuras de la base cementada fue la aplicaci\u00f3n de una faja de 1m de ancho de la geogrilla para repavimentaci\u00f3n asf\u00e1ltica HaTelit C 40\/17, colocada sobre las fisuras transversales.\nEl HaTelit C es una geogrilla de poli\u00e9ster de alto modulo, material espec\u00edfico para esta aplicaci\u00f3n, con revestimiento bituminoso de gran adherencia. Por ser un material de elevada ductilidad, el HaTelit C no rompe ni se quiebra cuando es sometido a fatiga (por cargas c\u00edclicas de apertura y cierre de las fisuras) ni a la instalaci\u00f3n.\nEn las regiones de fisuraci\u00f3n con aberturas menores que 6mm, el HaTelit C 40\/17 se aplic\u00f3 directamente sobre la fisura. En los lugares donde hab\u00eda fisuras con mayores aberturas se realiz\u00f3 un fresado de ancho 30cm, con reposici\u00f3n de concreto asf\u00e1ltico convencional antes de la aplicaci\u00f3n del Hatelit. Despu\u00e9s de la colocaci\u00f3n de la geogrilla, fueron aplicadas las capas de CBUQ especificadas en el proyecto.\nLos resultados obtenidos hasta la actualidad muestran un excelente desempe\u00f1o de la geogrilla HatTelit C 40\/17 como sistema anti-reflexi\u00f3n de fisuras. El HaTelit C 40\/17 absorbi\u00f3 la propagaci\u00f3n de fisuras provenientes de las capas subyacentes y permiti\u00f3 la inauguraci\u00f3n del trecho en la fecha prevista.\n<\/p>\t\t<\/div>\n\n\t\t\t\t\t\t<\/div>\n\t\t\t\t<\/div>\n\t\t\t\t<div class=\"elementor-element elementor-element-82d98ce elementor-widget elementor-widget-spacer\" data-id=\"82d98ce\" data-element_type=\"widget\" data-e-type=\"widget\" data-widget_type=\"spacer.default\">\n\t\t\t\t<div class=\"elementor-widget-container\">\n\t\t\t\t\t\t\t<div class=\"elementor-spacer\">\n\t\t\t<div class=\"elementor-spacer-inner\"><\/div>\n\t\t<\/div>\n\t\t\t\t\t\t<\/div>\n\t\t\t\t<\/div>\n\t\t\t\t<div class=\"elementor-element elementor-element-c9b6166 elementor-widget elementor-widget-spacer\" data-id=\"c9b6166\" data-element_type=\"widget\" data-e-type=\"widget\" data-widget_type=\"spacer.default\">\n\t\t\t\t<div class=\"elementor-widget-container\">\n\t\t\t\t\t\t\t<div class=\"elementor-spacer\">\n\t\t\t<div class=\"elementor-spacer-inner\"><\/div>\n\t\t<\/div>\n\t\t\t\t\t\t<\/div>\n\t\t\t\t<\/div>\n\t\t\t\t<div class=\"elementor-element elementor-element-877fc3e elementor-widget elementor-widget-spacer\" data-id=\"877fc3e\" data-element_type=\"widget\" data-e-type=\"widget\" data-widget_type=\"spacer.default\">\n\t\t\t\t<div class=\"elementor-widget-container\">\n\t\t\t\t\t\t\t<div class=\"elementor-spacer\">\n\t\t\t<div class=\"elementor-spacer-inner\"><\/div>\n\t\t<\/div>\n\t\t\t\t\t\t<\/div>\n\t\t\t\t<\/div>\n\t\t\t\t\t<\/div>\n\t\t<\/div>\n\t\t\t\t\t<\/div>\n\t\t<\/section>\n\t\t\t\t<\/div>\n\t\t","protected":false},"excerpt":{"rendered":"<p>Repavimentaci\u00f3n asf\u00e1ltica sobre bases cementadas Caso de obra Volver Sistema anti-reflecci\u00f3n de fisuras de bases cementadas La estructura de pavimento de anillo perif\u00e9rico Jos\u00e9 Roberto Magalhaes Teixeira, que circunda la cuidad de Campinas, interconectando las rutas Anhanguera (SP-330) y D. Pedro I (SP-65), consiste en una capa de BGTC (grava graduada tratada con cemento) y [&hellip;]<\/p>\n","protected":false},"author":3,"featured_media":0,"parent":0,"menu_order":0,"comment_status":"closed","ping_status":"closed","template":"","meta":{"_eb_attr":"","_monsterinsights_skip_tracking":false,"_monsterinsights_sitenote_active":false,"_monsterinsights_sitenote_note":"","_monsterinsights_sitenote_category":0,"footnotes":"","_links_to":"","_links_to_target":""},"class_list":["post-11708","page","type-page","status-publish","hentry"],"_links":{"self":[{"href":"https:\/\/america.com.uy\/construccion\/wp-json\/wp\/v2\/pages\/11708","targetHints":{"allow":["GET"]}}],"collection":[{"href":"https:\/\/america.com.uy\/construccion\/wp-json\/wp\/v2\/pages"}],"about":[{"href":"https:\/\/america.com.uy\/construccion\/wp-json\/wp\/v2\/types\/page"}],"author":[{"embeddable":true,"href":"https:\/\/america.com.uy\/construccion\/wp-json\/wp\/v2\/users\/3"}],"replies":[{"embeddable":true,"href":"https:\/\/america.com.uy\/construccion\/wp-json\/wp\/v2\/comments?post=11708"}],"version-history":[{"count":0,"href":"https:\/\/america.com.uy\/construccion\/wp-json\/wp\/v2\/pages\/11708\/revisions"}],"wp:attachment":[{"href":"https:\/\/america.com.uy\/construccion\/wp-json\/wp\/v2\/media?parent=11708"}],"curies":[{"name":"wp","href":"https:\/\/api.w.org\/{rel}","templated":true}]}}