{"id":11727,"date":"2023-04-27T22:00:35","date_gmt":"2023-04-27T22:00:35","guid":{"rendered":"https:\/\/america.sitesolimpo.tech\/?page_id=11727"},"modified":"2023-04-28T13:09:40","modified_gmt":"2023-04-28T13:09:40","slug":"politica-de-privacidad","status":"publish","type":"page","link":"https:\/\/america.com.uy\/construccion\/politica-de-privacidad\/","title":{"rendered":"Pol\u00edtica de privacidad"},"content":{"rendered":"\t\t<div data-elementor-type=\"wp-page\" data-elementor-id=\"11727\" class=\"elementor elementor-11727\">\n\t\t\t\t\t\t<section class=\"elementor-section elementor-top-section elementor-element elementor-element-3b60a776 elementor-section-full_width elementor-section-height-default elementor-section-height-default\" data-id=\"3b60a776\" data-element_type=\"section\" data-e-type=\"section\">\n\t\t\t\t\t\t<div class=\"elementor-container elementor-column-gap-default\">\n\t\t\t\t\t<div class=\"elementor-column elementor-col-100 elementor-top-column elementor-element elementor-element-164189c5\" data-id=\"164189c5\" data-element_type=\"column\" data-e-type=\"column\">\n\t\t\t<div class=\"elementor-widget-wrap elementor-element-populated\">\n\t\t\t\t\t\t<div class=\"elementor-element elementor-element-029cfd5 elementor-widget elementor-widget-spacer\" data-id=\"029cfd5\" data-element_type=\"widget\" data-e-type=\"widget\" data-widget_type=\"spacer.default\">\n\t\t\t\t<div class=\"elementor-widget-container\">\n\t\t\t\t\t\t\t<div class=\"elementor-spacer\">\n\t\t\t<div class=\"elementor-spacer-inner\"><\/div>\n\t\t<\/div>\n\t\t\t\t\t\t<\/div>\n\t\t\t\t<\/div>\n\t\t\t\t<div class=\"elementor-element elementor-element-1adc2cf3 elementor-widget elementor-widget-hub_fancy_heading\" data-id=\"1adc2cf3\" data-element_type=\"widget\" data-e-type=\"widget\" data-widget_type=\"hub_fancy_heading.default\">\n\t\t\t\t<div class=\"elementor-widget-container\">\n\t\t\t\t\t\n\t\t<div id=\"ld-fancy-heading-69e03e86efe3d\" class=\"ld-fancy-heading pos-rel\">\n\t\t\t<h6 class=\"ld-fh-element d-inline-block pos-rel  elementor-heading-title lqd-highlight-classic lqd-highlight-grow-left h6\"  > home - contact<\/h6>\t\t<\/div>\n\n\t\t\t\t\t\t<\/div>\n\t\t\t\t<\/div>\n\t\t\t\t\t<\/div>\n\t\t<\/div>\n\t\t\t\t\t<\/div>\n\t\t<\/section>\n\t\t\t\t<section class=\"elementor-section elementor-top-section elementor-element elementor-element-5029c8df elementor-section-boxed elementor-section-height-default elementor-section-height-default\" data-id=\"5029c8df\" data-element_type=\"section\" data-e-type=\"section\">\n\t\t\t\t\t\t<div class=\"elementor-container elementor-column-gap-default\">\n\t\t\t\t\t<div class=\"elementor-column elementor-col-100 elementor-top-column elementor-element elementor-element-6b14501a\" data-id=\"6b14501a\" data-element_type=\"column\" data-e-type=\"column\">\n\t\t\t<div class=\"elementor-widget-wrap elementor-element-populated\">\n\t\t\t\t\t\t<div class=\"elementor-element elementor-element-767485c7 elementor-widget elementor-widget-hub_fancy_heading\" data-id=\"767485c7\" data-element_type=\"widget\" data-e-type=\"widget\" data-widget_type=\"hub_fancy_heading.default\">\n\t\t\t\t<div class=\"elementor-widget-container\">\n\t\t\t\t\t\n\t\t<div id=\"ld-fancy-heading-69e03e86f0de1\" class=\"ld-fancy-heading pos-rel\">\n\t\t\t<h3 class=\"ld-fh-element d-inline-block pos-rel  elementor-heading-title lqd-highlight-classic lqd-highlight-grow-left h3\"  > Pol\u00edtica de privacidad<\/h3>\t\t<\/div>\n\n\t\t\t\t\t\t<\/div>\n\t\t\t\t<\/div>\n\t\t\t\t<div class=\"elementor-element elementor-element-9491087 elementor-widget elementor-widget-spacer\" data-id=\"9491087\" data-element_type=\"widget\" data-e-type=\"widget\" data-widget_type=\"spacer.default\">\n\t\t\t\t<div class=\"elementor-widget-container\">\n\t\t\t\t\t\t\t<div class=\"elementor-spacer\">\n\t\t\t<div class=\"elementor-spacer-inner\"><\/div>\n\t\t<\/div>\n\t\t\t\t\t\t<\/div>\n\t\t\t\t<\/div>\n\t\t\t\t<div class=\"elementor-element elementor-element-1516a700 elementor-widget elementor-widget-hub_fancy_heading\" data-id=\"1516a700\" data-element_type=\"widget\" data-e-type=\"widget\" data-widget_type=\"hub_fancy_heading.default\">\n\t\t\t\t<div class=\"elementor-widget-container\">\n\t\t\t\t\t\n\t\t<div id=\"ld-fancy-heading-69e03e86f1bf9\" class=\"ld-fancy-heading pos-rel\">\n\t\t\t<p class=\"ld-fh-element d-inline-block pos-rel  lqd-highlight-classic lqd-highlight-grow-left p\"  > <b>Pol\u00edtica de privacidad<\/b> de la empresa <b>AMERICA.<\/b><br>\n\n<br>En <b>AMERICA<\/b>, nos tomamos muy en serio la privacidad de nuestros usuarios y clientes. Esta pol\u00edtica de privacidad describe c\u00f3mo recopilamos, utilizamos y compartimos informaci\u00f3n personal que recopilamos a trav\u00e9s de nuestro sitio web.<br>\n\n<br><b>Recopilaci\u00f3n de informaci\u00f3n<\/b>\nRecopilamos informaci\u00f3n personal cuando un usuario nos proporciona informaci\u00f3n a trav\u00e9s de nuestros formularios de contacto, al suscribirse a nuestro bolet\u00edn informativo, al registrarse para un evento, al solicitar informaci\u00f3n o al realizar una compra. La informaci\u00f3n que recopilamos puede incluir el nombre, la direcci\u00f3n de correo electr\u00f3nico, la direcci\u00f3n postal, el n\u00famero de tel\u00e9fono, la informaci\u00f3n de pago y otra informaci\u00f3n relevante para el servicio que el usuario haya solicitado.<br>\n\n<br>Tambi\u00e9n podemos recopilar informaci\u00f3n autom\u00e1ticamente a trav\u00e9s de tecnolog\u00edas como cookies y registros del servidor. Esta informaci\u00f3n puede incluir la direcci\u00f3n IP, el tipo de navegador, el proveedor de servicios de Internet, las p\u00e1ginas visitadas antes y despu\u00e9s de visitar nuestro sitio web, la fecha y hora de la visita y otra informaci\u00f3n relacionada con la navegaci\u00f3n del usuario en nuestro sitio web.<br>\n\n<br><b>Uso de la informaci\u00f3n<\/b>\nUtilizamos la informaci\u00f3n personal que recopilamos para proporcionar y mejorar nuestros servicios, para comunicarnos con los usuarios, para procesar transacciones y para enviar informaci\u00f3n sobre nuestros productos y servicios. Tambi\u00e9n podemos utilizar la informaci\u00f3n para personalizar la experiencia del usuario en nuestro sitio web y para mejorar la seguridad de nuestro sitio web.<br>\n\n<br><b>Compartici\u00f3n de informaci\u00f3n<\/b>\nPodemos compartir informaci\u00f3n personal con proveedores de servicios de terceros que realizan servicios en nuestro nombre, como el procesamiento de pagos, el env\u00edo de correos electr\u00f3nicos y la gesti\u00f3n de eventos. Tambi\u00e9n podemos compartir informaci\u00f3n con autoridades gubernamentales en respuesta a una orden judicial o en cumplimiento de otra obligaci\u00f3n legal.<br>\n\n<br><b>Seguridad de la informaci\u00f3n<\/b>\nTomamos medidas para proteger la informaci\u00f3n personal que recopilamos y almacenamos. Utilizamos medidas de seguridad f\u00edsicas, electr\u00f3nicas y procedimentales para proteger la informaci\u00f3n personal de la p\u00e9rdida, el mal uso, el acceso no autorizado, la divulgaci\u00f3n, la alteraci\u00f3n y la destrucci\u00f3n.\n<br>\n<br><b>Cambios en la pol\u00edtica de privacidad<\/b>\nPodemos actualizar esta pol\u00edtica de privacidad de vez en cuando. Si hacemos cambios importantes en la forma en que recopilamos, utilizamos o compartimos informaci\u00f3n personal, publicaremos una notificaci\u00f3n en nuestro sitio web.<br>\n\n<br><b>Cont\u00e1ctanos<\/b>\nSi tienes preguntas o inquietudes sobre esta pol\u00edtica de privacidad o sobre nuestras pr\u00e1cticas de privacidad en general, cont\u00e1ctanos a trav\u00e9s de nuestro formulario de contacto en nuestro sitio web.<br>\n<\/p>\t\t<\/div>\n\n\t\t\t\t\t\t<\/div>\n\t\t\t\t<\/div>\n\t\t\t\t<div class=\"elementor-element elementor-element-73fbbb5b elementor-widget-divider--view-line elementor-widget elementor-widget-divider\" data-id=\"73fbbb5b\" data-element_type=\"widget\" data-e-type=\"widget\" data-widget_type=\"divider.default\">\n\t\t\t\t<div class=\"elementor-widget-container\">\n\t\t\t\t\t\t\t<div class=\"elementor-divider\">\n\t\t\t<span class=\"elementor-divider-separator\">\n\t\t\t\t\t\t<\/span>\n\t\t<\/div>\n\t\t\t\t\t\t<\/div>\n\t\t\t\t<\/div>\n\t\t\t\t\t<\/div>\n\t\t<\/div>\n\t\t\t\t\t<\/div>\n\t\t<\/section>\n\t\t\t\t<\/div>\n\t\t","protected":false},"excerpt":{"rendered":"<p>home &#8211; contact Pol\u00edtica de privacidad Pol\u00edtica de privacidad de la empresa AMERICA. En AMERICA, nos tomamos muy en serio la privacidad de nuestros usuarios y clientes. Esta pol\u00edtica de privacidad describe c\u00f3mo recopilamos, utilizamos y compartimos informaci\u00f3n personal que recopilamos a trav\u00e9s de nuestro sitio web. Recopilaci\u00f3n de informaci\u00f3n Recopilamos informaci\u00f3n personal cuando un [&hellip;]<\/p>\n","protected":false},"author":3,"featured_media":0,"parent":0,"menu_order":0,"comment_status":"closed","ping_status":"closed","template":"","meta":{"_eb_attr":"","_monsterinsights_skip_tracking":false,"_monsterinsights_sitenote_active":false,"_monsterinsights_sitenote_note":"","_monsterinsights_sitenote_category":0,"footnotes":"","_links_to":"","_links_to_target":""},"class_list":["post-11727","page","type-page","status-publish","hentry"],"_links":{"self":[{"href":"https:\/\/america.com.uy\/construccion\/wp-json\/wp\/v2\/pages\/11727","targetHints":{"allow":["GET"]}}],"collection":[{"href":"https:\/\/america.com.uy\/construccion\/wp-json\/wp\/v2\/pages"}],"about":[{"href":"https:\/\/america.com.uy\/construccion\/wp-json\/wp\/v2\/types\/page"}],"author":[{"embeddable":true,"href":"https:\/\/america.com.uy\/construccion\/wp-json\/wp\/v2\/users\/3"}],"replies":[{"embeddable":true,"href":"https:\/\/america.com.uy\/construccion\/wp-json\/wp\/v2\/comments?post=11727"}],"version-history":[{"count":0,"href":"https:\/\/america.com.uy\/construccion\/wp-json\/wp\/v2\/pages\/11727\/revisions"}],"wp:attachment":[{"href":"https:\/\/america.com.uy\/construccion\/wp-json\/wp\/v2\/media?parent=11727"}],"curies":[{"name":"wp","href":"https:\/\/api.w.org\/{rel}","templated":true}]}}