{"id":12065,"date":"2023-05-26T21:50:29","date_gmt":"2023-05-26T21:50:29","guid":{"rendered":"https:\/\/america.sitesolimpo.tech\/?page_id=12065"},"modified":"2023-06-05T17:25:19","modified_gmt":"2023-06-05T17:25:19","slug":"ingenieria-geotecnica","status":"publish","type":"page","link":"https:\/\/america.com.uy\/construccion\/ingenieria-geotecnica\/","title":{"rendered":"Ingenier\u00eda Geot\u00e9cnica"},"content":{"rendered":"\t\t<div data-elementor-type=\"wp-page\" data-elementor-id=\"12065\" class=\"elementor elementor-12065\">\n\t\t\t\t\t\t<section class=\"elementor-section elementor-top-section elementor-element elementor-element-73f87f5 elementor-section-height-min-height elementor-section-boxed elementor-section-height-default elementor-section-items-middle\" data-id=\"73f87f5\" data-element_type=\"section\" data-e-type=\"section\" data-settings=\"{&quot;background_background&quot;:&quot;classic&quot;}\">\n\t\t\t\t\t\t\t<div class=\"elementor-background-overlay\"><\/div>\n\t\t\t\t\t\t\t<div class=\"elementor-container elementor-column-gap-default\">\n\t\t\t\t\t<div class=\"elementor-column elementor-col-100 elementor-top-column elementor-element elementor-element-295033d0\" data-id=\"295033d0\" data-element_type=\"column\" data-e-type=\"column\">\n\t\t\t<div class=\"elementor-widget-wrap elementor-element-populated\">\n\t\t\t\t\t\t<div data-custom-animations=\"true\" data-ca-options=\"{&quot;addChildTimelines&quot;:false,&quot;animationTarget&quot;:&quot;:scope &gt; .elementor-widget-container&quot;,&quot;ease&quot;:[&quot;power4.out&quot;],&quot;initValues&quot;:{&quot;opacity&quot;:0,&quot;y&quot;:-150},&quot;animations&quot;:{&quot;opacity&quot;:1,&quot;y&quot;:0}}\" class=\"elementor-element elementor-element-39eedc14 elementor-widget elementor-widget-hub_fancy_heading\" data-id=\"39eedc14\" data-element_type=\"widget\" data-e-type=\"widget\" data-widget_type=\"hub_fancy_heading.default\">\n\t\t\t\t<div class=\"elementor-widget-container\">\n\t\t\t\t\t\n\t\t<div id=\"ld-fancy-heading-69e9dca590519\" class=\"ld-fancy-heading pos-rel\">\n\t\t\t<h1 class=\"ld-fh-element d-inline-block pos-rel  elementor-heading-title lqd-highlight-custom lqd-highlight-custom-1 h1\"  > Ingenier\u00eda Geot\u00e9cnica<\/h1>\t\t<\/div>\n\n\t\t\t\t\t\t<\/div>\n\t\t\t\t<\/div>\n\t\t\t\t\t<\/div>\n\t\t<\/div>\n\t\t\t\t\t<\/div>\n\t\t<\/section>\n\t\t<div class=\"elementor-element elementor-element-f28b1de e-flex e-con-boxed e-con e-parent\" data-id=\"f28b1de\" data-element_type=\"container\" data-e-type=\"container\">\n\t\t\t\t\t<div class=\"e-con-inner\">\n\t\t\t\t<div class=\"elementor-element elementor-element-561674b elementor-grid-3 elementor-grid-tablet-2 elementor-grid-mobile-1 elementor-posts--thumbnail-top elementor-card-shadow-yes elementor-posts__hover-gradient elementor-widget elementor-widget-posts\" data-id=\"561674b\" data-element_type=\"widget\" data-e-type=\"widget\" data-settings=\"{&quot;cards_columns&quot;:&quot;3&quot;,&quot;cards_columns_tablet&quot;:&quot;2&quot;,&quot;cards_columns_mobile&quot;:&quot;1&quot;,&quot;cards_row_gap&quot;:{&quot;unit&quot;:&quot;px&quot;,&quot;size&quot;:35,&quot;sizes&quot;:[]},&quot;cards_row_gap_laptop&quot;:{&quot;unit&quot;:&quot;px&quot;,&quot;size&quot;:&quot;&quot;,&quot;sizes&quot;:[]},&quot;cards_row_gap_tablet&quot;:{&quot;unit&quot;:&quot;px&quot;,&quot;size&quot;:&quot;&quot;,&quot;sizes&quot;:[]},&quot;cards_row_gap_mobile&quot;:{&quot;unit&quot;:&quot;px&quot;,&quot;size&quot;:&quot;&quot;,&quot;sizes&quot;:[]}}\" data-widget_type=\"posts.cards\">\n\t\t\t\t<div class=\"elementor-widget-container\">\n\t\t\t\t\t\t\t<div class=\"elementor-posts-container elementor-posts elementor-posts--skin-cards elementor-grid\">\n\t\t\t\t<article class=\"elementor-post elementor-grid-item post-12018 aplicaciones-america type-aplicaciones-america status-publish has-post-thumbnail hentry category-ingenieria-geotecnica tag-drenes-verticales tag-fortrac tag-geotextil-rt tag-geotextiles-no-tejidos\">\n\t\t\t<div class=\"elementor-post__card\">\n\t\t\t\t<a class=\"elementor-post__thumbnail__link\" href=\"https:\/\/america.com.uy\/construccion\/aplicaciones-america\/consolidacion-de-suelos-con-drenes-verticales\/\" ><div class=\"elementor-post__thumbnail\"><img decoding=\"async\" width=\"300\" height=\"157\" src=\"https:\/\/america.com.uy\/construccion\/wp-content\/uploads\/2023\/05\/csm_Ringtrac_1140x465_9c11b99831-300x157.jpg\" class=\"attachment-medium size-medium wp-image-13063\" alt=\"\" srcset=\"https:\/\/america.com.uy\/construccion\/wp-content\/uploads\/2023\/05\/csm_Ringtrac_1140x465_9c11b99831-300x157.jpg 300w, https:\/\/america.com.uy\/construccion\/wp-content\/uploads\/2023\/05\/csm_Ringtrac_1140x465_9c11b99831.jpg 888w\" sizes=\"(max-width: 300px) 100vw, 300px\" itemprop=\"image\" \/><\/div><\/a>\n\t\t\t\t<div class=\"elementor-post__badge\">Ingenier\u00eda Geot\u00e9cnica<\/div>\n\t\t\t\t<div class=\"elementor-post__text\">\n\t\t\t\t<h3 class=\"elementor-post__title\">\n\t\t\t<a href=\"https:\/\/america.com.uy\/construccion\/aplicaciones-america\/consolidacion-de-suelos-con-drenes-verticales\/\" >\n\t\t\t\tConsolidaci\u00f3n de suelos con drenes verticales\t\t\t<\/a>\n\t\t<\/h3>\n\t\t\t\t<div class=\"elementor-post__excerpt\">\n\t\t\t<p>En el campo de la ingenier\u00eda geot\u00e9cnica, la consolidaci\u00f3n de suelos con drenes verticales es una t\u00e9cnica efectiva para mejorar la estabilidad del terreno en proyectos de infraestructura y construcci\u00f3n.<\/p>\n\t\t<\/div>\n\t\t\t\t\t<div class=\"elementor-post__read-more-wrapper\">\n\t\t\n\t\t<a class=\"elementor-post__read-more\" href=\"https:\/\/america.com.uy\/construccion\/aplicaciones-america\/consolidacion-de-suelos-con-drenes-verticales\/\" aria-label=\"Read more about Consolidaci\u00f3n de suelos con drenes verticales\" >\n\t\t\tVer aplicaci\u00f3n \u00bb\t\t<\/a>\n\n\t\t\t\t\t<\/div>\n\t\t\t\t<\/div>\n\t\t\t\t\t<\/div>\n\t\t<\/article>\n\t\t\t\t<article class=\"elementor-post elementor-grid-item post-12017 aplicaciones-america type-aplicaciones-america status-publish has-post-thumbnail hentry category-ingenieria-geotecnica tag-geotextiles-tejidos\">\n\t\t\t<div class=\"elementor-post__card\">\n\t\t\t\t<a class=\"elementor-post__thumbnail__link\" href=\"https:\/\/america.com.uy\/construccion\/aplicaciones-america\/columnas-granulares-encamisadas\/\" ><div class=\"elementor-post__thumbnail\"><img decoding=\"async\" width=\"235\" height=\"208\" src=\"data:image\/svg+xml;charset=utf-8,%3Csvg xmlns%3D&#039;http%3A%2F%2Fwww.w3.org%2F2000%2Fsvg&#039; viewBox%3D&#039;0 0  &#039;%2F%3E\" class=\"attachment-medium size-medium wp-image-12927 ld-lazyload\" alt=\"\" itemprop=\"image\" data-src=\"https:\/\/america.com.uy\/construccion\/wp-content\/uploads\/2023\/11\/158.jpg\" data-aspect=\"\" \/><\/div><\/a>\n\t\t\t\t<div class=\"elementor-post__badge\">Ingenier\u00eda Geot\u00e9cnica<\/div>\n\t\t\t\t<div class=\"elementor-post__text\">\n\t\t\t\t<h3 class=\"elementor-post__title\">\n\t\t\t<a href=\"https:\/\/america.com.uy\/construccion\/aplicaciones-america\/columnas-granulares-encamisadas\/\" >\n\t\t\t\tColumnas granulares encamisadas\t\t\t<\/a>\n\t\t<\/h3>\n\t\t\t\t<div class=\"elementor-post__excerpt\">\n\t\t\t<p>En el campo de la ingenier\u00eda geot\u00e9cnica, la aplicaci\u00f3n del sistema de columnas encamisadas con geosint\u00e9ticos (GEC en Ingl\u00e9s) fue especialmente desarrollado como una soluci\u00f3n de cimentaci\u00f3n para terraplenes o<\/p>\n\t\t<\/div>\n\t\t\t\t\t<div class=\"elementor-post__read-more-wrapper\">\n\t\t\n\t\t<a class=\"elementor-post__read-more\" href=\"https:\/\/america.com.uy\/construccion\/aplicaciones-america\/columnas-granulares-encamisadas\/\" aria-label=\"Read more about Columnas granulares encamisadas\" >\n\t\t\tVer aplicaci\u00f3n \u00bb\t\t<\/a>\n\n\t\t\t\t\t<\/div>\n\t\t\t\t<\/div>\n\t\t\t\t\t<\/div>\n\t\t<\/article>\n\t\t\t\t<article class=\"elementor-post elementor-grid-item post-12016 aplicaciones-america type-aplicaciones-america status-publish has-post-thumbnail hentry category-ingenieria-geotecnica tag-fortrac tag-geotextiles-tejidos\">\n\t\t\t<div class=\"elementor-post__card\">\n\t\t\t\t<a class=\"elementor-post__thumbnail__link\" href=\"https:\/\/america.com.uy\/construccion\/aplicaciones-america\/taludes-reforzados\/\" ><div class=\"elementor-post__thumbnail\"><img fetchpriority=\"high\" decoding=\"async\" width=\"300\" height=\"222\" src=\"data:image\/svg+xml;charset=utf-8,%3Csvg xmlns%3D&#039;http%3A%2F%2Fwww.w3.org%2F2000%2Fsvg&#039; viewBox%3D&#039;0 0  &#039;%2F%3E\" class=\"attachment-medium size-medium wp-image-13155 ld-lazyload\" alt=\"\" itemprop=\"image\" data-src=\"https:\/\/america.com.uy\/construccion\/wp-content\/uploads\/2023\/05\/Reforco-de-Muro-Verde-300x222.jpg\" data-srcset=\"https:\/\/america.com.uy\/construccion\/wp-content\/uploads\/2023\/05\/Reforco-de-Muro-Verde-300x222.jpg 300w, https:\/\/america.com.uy\/construccion\/wp-content\/uploads\/2023\/05\/Reforco-de-Muro-Verde-1024x756.jpg 1024w, https:\/\/america.com.uy\/construccion\/wp-content\/uploads\/2023\/05\/Reforco-de-Muro-Verde.jpg 1630w\" data-sizes=\"(max-width: 300px) 100vw, 300px\" data-aspect=\"\" \/><\/div><\/a>\n\t\t\t\t<div class=\"elementor-post__badge\">Ingenier\u00eda Geot\u00e9cnica<\/div>\n\t\t\t\t<div class=\"elementor-post__text\">\n\t\t\t\t<h3 class=\"elementor-post__title\">\n\t\t\t<a href=\"https:\/\/america.com.uy\/construccion\/aplicaciones-america\/taludes-reforzados\/\" >\n\t\t\t\tTaludes Reforzados\t\t\t<\/a>\n\t\t<\/h3>\n\t\t\t\t<div class=\"elementor-post__excerpt\">\n\t\t\t<p>Las estructuras de contenci\u00f3n de suelos son elementos esenciales para el dise\u00f1o de rutas e infraestructura vial. Estas se usan no solo para estribos de puentes y muros viales, sino<\/p>\n\t\t<\/div>\n\t\t\t\t\t<div class=\"elementor-post__read-more-wrapper\">\n\t\t\n\t\t<a class=\"elementor-post__read-more\" href=\"https:\/\/america.com.uy\/construccion\/aplicaciones-america\/taludes-reforzados\/\" aria-label=\"Read more about Taludes Reforzados\" >\n\t\t\tVer aplicaci\u00f3n \u00bb\t\t<\/a>\n\n\t\t\t\t\t<\/div>\n\t\t\t\t<\/div>\n\t\t\t\t\t<\/div>\n\t\t<\/article>\n\t\t\t\t<article class=\"elementor-post elementor-grid-item post-12015 aplicaciones-america type-aplicaciones-america status-publish has-post-thumbnail hentry category-ingenieria-geotecnica category-ingenieria-vial tag-fortrac tag-geoceldas-hdpe tag-geoceldas-neoloy tag-geotextil-rt tag-geotextiles-no-tejidos tag-otros-sistemas tag-proofmate-ek-junta-de-dilatacion tag-quadratum tag-terrae\">\n\t\t\t<div class=\"elementor-post__card\">\n\t\t\t\t<a class=\"elementor-post__thumbnail__link\" href=\"https:\/\/america.com.uy\/construccion\/aplicaciones-america\/estribos-de-puentes\/\" ><div class=\"elementor-post__thumbnail\"><img loading=\"lazy\" decoding=\"async\" width=\"300\" height=\"252\" src=\"data:image\/svg+xml;charset=utf-8,%3Csvg xmlns%3D&#039;http%3A%2F%2Fwww.w3.org%2F2000%2Fsvg&#039; viewBox%3D&#039;0 0  &#039;%2F%3E\" class=\"attachment-medium size-medium wp-image-13156 ld-lazyload\" alt=\"\" itemprop=\"image\" data-src=\"https:\/\/america.com.uy\/construccion\/wp-content\/uploads\/2023\/05\/Muro-de-Contencao-300x252.jpg\" data-srcset=\"https:\/\/america.com.uy\/construccion\/wp-content\/uploads\/2023\/05\/Muro-de-Contencao-300x252.jpg 300w, https:\/\/america.com.uy\/construccion\/wp-content\/uploads\/2023\/05\/Muro-de-Contencao-1024x860.jpg 1024w\" data-sizes=\"(max-width: 300px) 100vw, 300px\" data-aspect=\"\" \/><\/div><\/a>\n\t\t\t\t<div class=\"elementor-post__badge\">Ingenier\u00eda Geot\u00e9cnica<\/div>\n\t\t\t\t<div class=\"elementor-post__text\">\n\t\t\t\t<h3 class=\"elementor-post__title\">\n\t\t\t<a href=\"https:\/\/america.com.uy\/construccion\/aplicaciones-america\/estribos-de-puentes\/\" >\n\t\t\t\tEstribos de Puentes\t\t\t<\/a>\n\t\t<\/h3>\n\t\t\t\t<div class=\"elementor-post__excerpt\">\n\t\t\t<p>Es altamente frecuente en obras de infraestructura de transporte la necesidad de construir taludes de pendientes pronunciadas o muros de contenci\u00f3n en lugares donde el espacio disponible para el asiento<\/p>\n\t\t<\/div>\n\t\t\t\t\t<div class=\"elementor-post__read-more-wrapper\">\n\t\t\n\t\t<a class=\"elementor-post__read-more\" href=\"https:\/\/america.com.uy\/construccion\/aplicaciones-america\/estribos-de-puentes\/\" aria-label=\"Read more about Estribos de Puentes\" >\n\t\t\tVer aplicaci\u00f3n \u00bb\t\t<\/a>\n\n\t\t\t\t\t<\/div>\n\t\t\t\t<\/div>\n\t\t\t\t\t<\/div>\n\t\t<\/article>\n\t\t\t\t<article class=\"elementor-post elementor-grid-item post-11933 aplicaciones-america type-aplicaciones-america status-publish has-post-thumbnail hentry category-ingenieria-geotecnica category-ingenieria-vial tag-fortrac tag-geoceldas-hdpe tag-geoceldas-neoloy tag-geotextil-rt tag-geotextiles-no-tejidos tag-geotextiles-tejidos tag-otros-sistemas tag-quadratum tag-terrae\">\n\t\t\t<div class=\"elementor-post__card\">\n\t\t\t\t<a class=\"elementor-post__thumbnail__link\" href=\"https:\/\/america.com.uy\/construccion\/aplicaciones-america\/muros-de-contencion\/\" ><div class=\"elementor-post__thumbnail\"><img loading=\"lazy\" decoding=\"async\" width=\"300\" height=\"287\" src=\"data:image\/svg+xml;charset=utf-8,%3Csvg xmlns%3D&#039;http%3A%2F%2Fwww.w3.org%2F2000%2Fsvg&#039; viewBox%3D&#039;0 0  &#039;%2F%3E\" class=\"attachment-medium size-medium wp-image-12943 ld-lazyload\" alt=\"\" itemprop=\"image\" data-src=\"https:\/\/america.com.uy\/construccion\/wp-content\/uploads\/2023\/11\/4-300x287.jpg\" data-srcset=\"https:\/\/america.com.uy\/construccion\/wp-content\/uploads\/2023\/11\/4-300x287.jpg 300w, https:\/\/america.com.uy\/construccion\/wp-content\/uploads\/2023\/11\/4-1024x980.jpg 1024w, https:\/\/america.com.uy\/construccion\/wp-content\/uploads\/2023\/11\/4.jpg 1245w\" data-sizes=\"(max-width: 300px) 100vw, 300px\" data-aspect=\"\" \/><\/div><\/a>\n\t\t\t\t<div class=\"elementor-post__badge\">Ingenier\u00eda Geot\u00e9cnica<\/div>\n\t\t\t\t<div class=\"elementor-post__text\">\n\t\t\t\t<h3 class=\"elementor-post__title\">\n\t\t\t<a href=\"https:\/\/america.com.uy\/construccion\/aplicaciones-america\/muros-de-contencion\/\" >\n\t\t\t\tMuros de Suelo Reforzado\t\t\t<\/a>\n\t\t<\/h3>\n\t\t\t\t<div class=\"elementor-post__excerpt\">\n\t\t\t<p>Las estructuras de contenci\u00f3n de suelos son elementos esenciales para el dise\u00f1o de infraestructura vial, en estribos de puentes y muros de contenci\u00f3n en general. Por ejemplo, ante la falta<\/p>\n\t\t<\/div>\n\t\t\t\t\t<div class=\"elementor-post__read-more-wrapper\">\n\t\t\n\t\t<a class=\"elementor-post__read-more\" href=\"https:\/\/america.com.uy\/construccion\/aplicaciones-america\/muros-de-contencion\/\" aria-label=\"Read more about Muros de Suelo Reforzado\" >\n\t\t\tVer aplicaci\u00f3n \u00bb\t\t<\/a>\n\n\t\t\t\t\t<\/div>\n\t\t\t\t<\/div>\n\t\t\t\t\t<\/div>\n\t\t<\/article>\n\t\t\t\t<article class=\"elementor-post elementor-grid-item post-11895 aplicaciones-america type-aplicaciones-america status-publish has-post-thumbnail hentry category-ingenieria-geotecnica tag-drenes-verticales tag-fortrac tag-geoceldas-hdpe tag-geoceldas-neoloy tag-geotextil-rt tag-geotextiles-no-tejidos tag-geotextiles-tejidos\">\n\t\t\t<div class=\"elementor-post__card\">\n\t\t\t\t<a class=\"elementor-post__thumbnail__link\" href=\"https:\/\/america.com.uy\/construccion\/aplicaciones-america\/terraplenes-sobre-suelos-blandos\/\" ><div class=\"elementor-post__thumbnail\"><img loading=\"lazy\" decoding=\"async\" width=\"300\" height=\"222\" src=\"data:image\/svg+xml;charset=utf-8,%3Csvg xmlns%3D&#039;http%3A%2F%2Fwww.w3.org%2F2000%2Fsvg&#039; viewBox%3D&#039;0 0  &#039;%2F%3E\" class=\"attachment-medium size-medium wp-image-13157 ld-lazyload\" alt=\"\" itemprop=\"image\" data-src=\"https:\/\/america.com.uy\/construccion\/wp-content\/uploads\/2023\/05\/Reforco-de-Aterro-sobre-Solo-Mole-300x222.jpg\" data-srcset=\"https:\/\/america.com.uy\/construccion\/wp-content\/uploads\/2023\/05\/Reforco-de-Aterro-sobre-Solo-Mole-300x222.jpg 300w, https:\/\/america.com.uy\/construccion\/wp-content\/uploads\/2023\/05\/Reforco-de-Aterro-sobre-Solo-Mole-1024x757.jpg 1024w, https:\/\/america.com.uy\/construccion\/wp-content\/uploads\/2023\/05\/Reforco-de-Aterro-sobre-Solo-Mole.jpg 1629w\" data-sizes=\"(max-width: 300px) 100vw, 300px\" data-aspect=\"\" \/><\/div><\/a>\n\t\t\t\t<div class=\"elementor-post__badge\">Ingenier\u00eda Geot\u00e9cnica<\/div>\n\t\t\t\t<div class=\"elementor-post__text\">\n\t\t\t\t<h3 class=\"elementor-post__title\">\n\t\t\t<a href=\"https:\/\/america.com.uy\/construccion\/aplicaciones-america\/terraplenes-sobre-suelos-blandos\/\" >\n\t\t\t\tTerraplenes sobre suelos blandos\t\t\t<\/a>\n\t\t<\/h3>\n\t\t\t\t<div class=\"elementor-post__excerpt\">\n\t\t\t<p>La resistencia al corte de un suelo blando depende del tipo y tama\u00f1o de las part\u00edculas y delcontenido de agua. De esta resistencia depende la capacidad portante de la cimentaci\u00f3n<\/p>\n\t\t<\/div>\n\t\t\t\t\t<div class=\"elementor-post__read-more-wrapper\">\n\t\t\n\t\t<a class=\"elementor-post__read-more\" href=\"https:\/\/america.com.uy\/construccion\/aplicaciones-america\/terraplenes-sobre-suelos-blandos\/\" aria-label=\"Read more about Terraplenes sobre suelos blandos\" >\n\t\t\tVer aplicaci\u00f3n \u00bb\t\t<\/a>\n\n\t\t\t\t\t<\/div>\n\t\t\t\t<\/div>\n\t\t\t\t\t<\/div>\n\t\t<\/article>\n\t\t\t\t<\/div>\n\t\t\n\t\t\t\t\t\t<\/div>\n\t\t\t\t<\/div>\n\t\t\t\t\t<\/div>\n\t\t\t\t<\/div>\n\t\t\t\t<\/div>\n\t\t","protected":false},"excerpt":{"rendered":"<p>Ingenier\u00eda Geot\u00e9cnica<\/p>\n","protected":false},"author":3,"featured_media":0,"parent":0,"menu_order":0,"comment_status":"closed","ping_status":"closed","template":"","meta":{"_eb_attr":"","_monsterinsights_skip_tracking":false,"_monsterinsights_sitenote_active":false,"_monsterinsights_sitenote_note":"","_monsterinsights_sitenote_category":0,"footnotes":"","_links_to":"","_links_to_target":""},"class_list":["post-12065","page","type-page","status-publish","hentry"],"_links":{"self":[{"href":"https:\/\/america.com.uy\/construccion\/wp-json\/wp\/v2\/pages\/12065","targetHints":{"allow":["GET"]}}],"collection":[{"href":"https:\/\/america.com.uy\/construccion\/wp-json\/wp\/v2\/pages"}],"about":[{"href":"https:\/\/america.com.uy\/construccion\/wp-json\/wp\/v2\/types\/page"}],"author":[{"embeddable":true,"href":"https:\/\/america.com.uy\/construccion\/wp-json\/wp\/v2\/users\/3"}],"replies":[{"embeddable":true,"href":"https:\/\/america.com.uy\/construccion\/wp-json\/wp\/v2\/comments?post=12065"}],"version-history":[{"count":0,"href":"https:\/\/america.com.uy\/construccion\/wp-json\/wp\/v2\/pages\/12065\/revisions"}],"wp:attachment":[{"href":"https:\/\/america.com.uy\/construccion\/wp-json\/wp\/v2\/media?parent=12065"}],"curies":[{"name":"wp","href":"https:\/\/api.w.org\/{rel}","templated":true}]}}