{"id":12097,"date":"2023-05-26T22:09:08","date_gmt":"2023-05-26T22:09:08","guid":{"rendered":"https:\/\/america.sitesolimpo.tech\/?page_id=12097"},"modified":"2023-06-09T20:46:50","modified_gmt":"2023-06-09T20:46:50","slug":"ingenieria-vial","status":"publish","type":"page","link":"https:\/\/america.com.uy\/construccion\/ingenieria-vial\/","title":{"rendered":"Ingenier\u00eda Vial"},"content":{"rendered":"\t\t<div data-elementor-type=\"wp-page\" data-elementor-id=\"12097\" class=\"elementor elementor-12097\">\n\t\t\t\t\t\t<section class=\"elementor-section elementor-top-section elementor-element elementor-element-73f87f5 elementor-section-height-min-height elementor-section-boxed elementor-section-height-default elementor-section-items-middle\" data-id=\"73f87f5\" data-element_type=\"section\" data-e-type=\"section\" data-settings=\"{&quot;background_background&quot;:&quot;classic&quot;}\">\n\t\t\t\t\t\t\t<div class=\"elementor-background-overlay\"><\/div>\n\t\t\t\t\t\t\t<div class=\"elementor-container elementor-column-gap-default\">\n\t\t\t\t\t<div class=\"elementor-column elementor-col-100 elementor-top-column elementor-element elementor-element-295033d0\" data-id=\"295033d0\" data-element_type=\"column\" data-e-type=\"column\">\n\t\t\t<div class=\"elementor-widget-wrap elementor-element-populated\">\n\t\t\t\t\t\t<div data-custom-animations=\"true\" data-ca-options=\"{&quot;addChildTimelines&quot;:false,&quot;animationTarget&quot;:&quot;:scope &gt; .elementor-widget-container&quot;,&quot;ease&quot;:[&quot;power4.out&quot;],&quot;initValues&quot;:{&quot;opacity&quot;:0,&quot;y&quot;:-150},&quot;animations&quot;:{&quot;opacity&quot;:1,&quot;y&quot;:0}}\" class=\"elementor-element elementor-element-39eedc14 elementor-widget elementor-widget-hub_fancy_heading\" data-id=\"39eedc14\" data-element_type=\"widget\" data-e-type=\"widget\" data-widget_type=\"hub_fancy_heading.default\">\n\t\t\t\t<div class=\"elementor-widget-container\">\n\t\t\t\t\t\n\t\t<div id=\"ld-fancy-heading-69f27a4757d34\" class=\"ld-fancy-heading pos-rel\">\n\t\t\t<h1 class=\"ld-fh-element d-inline-block pos-rel  elementor-heading-title lqd-highlight-custom lqd-highlight-custom-1 h1\"  > Ingenier\u00eda Vial<\/h1>\t\t<\/div>\n\n\t\t\t\t\t\t<\/div>\n\t\t\t\t<\/div>\n\t\t\t\t\t<\/div>\n\t\t<\/div>\n\t\t\t\t\t<\/div>\n\t\t<\/section>\n\t\t<div class=\"elementor-element elementor-element-f28b1de e-flex e-con-boxed e-con e-parent\" data-id=\"f28b1de\" data-element_type=\"container\" data-e-type=\"container\">\n\t\t\t\t\t<div class=\"e-con-inner\">\n\t\t\t\t<div class=\"elementor-element elementor-element-561674b elementor-grid-3 elementor-grid-tablet-2 elementor-grid-mobile-1 elementor-posts--thumbnail-top elementor-card-shadow-yes elementor-posts__hover-gradient elementor-widget elementor-widget-posts\" data-id=\"561674b\" data-element_type=\"widget\" data-e-type=\"widget\" data-settings=\"{&quot;cards_columns&quot;:&quot;3&quot;,&quot;cards_columns_tablet&quot;:&quot;2&quot;,&quot;cards_columns_mobile&quot;:&quot;1&quot;,&quot;cards_row_gap&quot;:{&quot;unit&quot;:&quot;px&quot;,&quot;size&quot;:35,&quot;sizes&quot;:[]},&quot;cards_row_gap_laptop&quot;:{&quot;unit&quot;:&quot;px&quot;,&quot;size&quot;:&quot;&quot;,&quot;sizes&quot;:[]},&quot;cards_row_gap_tablet&quot;:{&quot;unit&quot;:&quot;px&quot;,&quot;size&quot;:&quot;&quot;,&quot;sizes&quot;:[]},&quot;cards_row_gap_mobile&quot;:{&quot;unit&quot;:&quot;px&quot;,&quot;size&quot;:&quot;&quot;,&quot;sizes&quot;:[]}}\" data-widget_type=\"posts.cards\">\n\t\t\t\t<div class=\"elementor-widget-container\">\n\t\t\t\t\t\t\t<div class=\"elementor-posts-container elementor-posts elementor-posts--skin-cards elementor-grid\">\n\t\t\t\t<article class=\"elementor-post elementor-grid-item post-12029 aplicaciones-america type-aplicaciones-america status-publish has-post-thumbnail hentry category-drenaje category-geotextiles-no-tejidos category-ingenieria-hidraulica category-ingenieria-vial tag-geodrenes tag-geotextil-rt tag-geotextiles-no-tejidos\">\n\t\t\t<div class=\"elementor-post__card\">\n\t\t\t\t<a class=\"elementor-post__thumbnail__link\" href=\"https:\/\/america.com.uy\/construccion\/aplicaciones-america\/drenaje-sub-superficial\/\" ><div class=\"elementor-post__thumbnail\"><img fetchpriority=\"high\" decoding=\"async\" width=\"300\" height=\"263\" src=\"https:\/\/america.com.uy\/construccion\/wp-content\/uploads\/2023\/12\/4-Drenaje-sub-Superficial-300x263.jpg\" class=\"attachment-medium size-medium wp-image-13133\" alt=\"\" srcset=\"https:\/\/america.com.uy\/construccion\/wp-content\/uploads\/2023\/12\/4-Drenaje-sub-Superficial-300x263.jpg 300w, https:\/\/america.com.uy\/construccion\/wp-content\/uploads\/2023\/12\/4-Drenaje-sub-Superficial.jpg 691w\" sizes=\"(max-width: 300px) 100vw, 300px\" itemprop=\"image\" \/><\/div><\/a>\n\t\t\t\t<div class=\"elementor-post__badge\">Drenaje<\/div>\n\t\t\t\t<div class=\"elementor-post__text\">\n\t\t\t\t<h3 class=\"elementor-post__title\">\n\t\t\t<a href=\"https:\/\/america.com.uy\/construccion\/aplicaciones-america\/drenaje-sub-superficial\/\" >\n\t\t\t\tDrenaje sub-superficial\t\t\t<\/a>\n\t\t<\/h3>\n\t\t\t\t<div class=\"elementor-post__excerpt\">\n\t\t\t<p>Los geosint\u00e9ticos pueden ser usados efectivamente como drenes y filtros en obras civiles y ambientales en forma adicional o en sustituci\u00f3n de materiales granulares. Los geosint\u00e9ticos son de f\u00e1cil instalaci\u00f3n<\/p>\n\t\t<\/div>\n\t\t\t\t\t<div class=\"elementor-post__read-more-wrapper\">\n\t\t\n\t\t<a class=\"elementor-post__read-more\" href=\"https:\/\/america.com.uy\/construccion\/aplicaciones-america\/drenaje-sub-superficial\/\" aria-label=\"Read more about Drenaje sub-superficial\" >\n\t\t\tVer aplicaci\u00f3n \u00bb\t\t<\/a>\n\n\t\t\t\t\t<\/div>\n\t\t\t\t<\/div>\n\t\t\t\t\t<\/div>\n\t\t<\/article>\n\t\t\t\t<article class=\"elementor-post elementor-grid-item post-12022 aplicaciones-america type-aplicaciones-america status-publish has-post-thumbnail hentry category-ingenieria-ambiental category-ingenieria-hidraulica category-ingenieria-vial category-obras-civiles-y-arquitectura tag-cortina-de-turbidez tag-geotextil-rt tag-geotextiles-no-tejidos tag-incomat tag-tenax-lbo\">\n\t\t\t<div class=\"elementor-post__card\">\n\t\t\t\t<a class=\"elementor-post__thumbnail__link\" href=\"https:\/\/america.com.uy\/construccion\/aplicaciones-america\/refuerzo-constructivo-2\/\" ><div class=\"elementor-post__thumbnail\"><img decoding=\"async\" width=\"300\" height=\"194\" src=\"data:image\/svg+xml;charset=utf-8,%3Csvg xmlns%3D&#039;http%3A%2F%2Fwww.w3.org%2F2000%2Fsvg&#039; viewBox%3D&#039;0 0  &#039;%2F%3E\" class=\"attachment-medium size-medium wp-image-13131 ld-lazyload\" alt=\"\" itemprop=\"image\" data-src=\"https:\/\/america.com.uy\/construccion\/wp-content\/uploads\/2023\/12\/Mulldeponie_RGB-300x194.jpg\" data-srcset=\"https:\/\/america.com.uy\/construccion\/wp-content\/uploads\/2023\/12\/Mulldeponie_RGB-300x194.jpg 300w, https:\/\/america.com.uy\/construccion\/wp-content\/uploads\/2023\/12\/Mulldeponie_RGB-1024x661.jpg 1024w, https:\/\/america.com.uy\/construccion\/wp-content\/uploads\/2023\/12\/Mulldeponie_RGB-scaled-700x450.jpg 700w\" data-sizes=\"(max-width: 300px) 100vw, 300px\" data-aspect=\"\" \/><\/div><\/a>\n\t\t\t\t<div class=\"elementor-post__badge\">Ingenier\u00eda Ambiental<\/div>\n\t\t\t\t<div class=\"elementor-post__text\">\n\t\t\t\t<h3 class=\"elementor-post__title\">\n\t\t\t<a href=\"https:\/\/america.com.uy\/construccion\/aplicaciones-america\/refuerzo-constructivo-2\/\" >\n\t\t\t\tControl de Erosi\u00f3n\t\t\t<\/a>\n\t\t<\/h3>\n\t\t\t\t<div class=\"elementor-post__excerpt\">\n\t\t\t<p>La erosi\u00f3n es un proceso natural causado por las fuerzas del agua y el viento. Este es influenciadopor un cierto n\u00famero de factores, como el tipo de suelo, vegetaci\u00f3n y<\/p>\n\t\t<\/div>\n\t\t\t\t\t<div class=\"elementor-post__read-more-wrapper\">\n\t\t\n\t\t<a class=\"elementor-post__read-more\" href=\"https:\/\/america.com.uy\/construccion\/aplicaciones-america\/refuerzo-constructivo-2\/\" aria-label=\"Read more about Control de Erosi\u00f3n\" >\n\t\t\tVer aplicaci\u00f3n \u00bb\t\t<\/a>\n\n\t\t\t\t\t<\/div>\n\t\t\t\t<\/div>\n\t\t\t\t\t<\/div>\n\t\t<\/article>\n\t\t\t\t<article class=\"elementor-post elementor-grid-item post-12020 aplicaciones-america type-aplicaciones-america status-publish has-post-thumbnail hentry category-industria category-ingenieria-vial tag-basetrac-grid tag-geotextil-rt tag-geotextiles-no-tejidos tag-geotextiles-tejidos\">\n\t\t\t<div class=\"elementor-post__card\">\n\t\t\t\t<a class=\"elementor-post__thumbnail__link\" href=\"https:\/\/america.com.uy\/construccion\/aplicaciones-america\/refuerzo-de-bases-y-subrasantes\/\" ><div class=\"elementor-post__thumbnail\"><img decoding=\"async\" width=\"300\" height=\"252\" src=\"data:image\/svg+xml;charset=utf-8,%3Csvg xmlns%3D&#039;http%3A%2F%2Fwww.w3.org%2F2000%2Fsvg&#039; viewBox%3D&#039;0 0  &#039;%2F%3E\" class=\"attachment-medium size-medium wp-image-13142 ld-lazyload\" alt=\"\" itemprop=\"image\" data-src=\"https:\/\/america.com.uy\/construccion\/wp-content\/uploads\/2023\/05\/Reforco-de-Base-de-Pavimento-1-300x252.jpg\" data-srcset=\"https:\/\/america.com.uy\/construccion\/wp-content\/uploads\/2023\/05\/Reforco-de-Base-de-Pavimento-1-300x252.jpg 300w, https:\/\/america.com.uy\/construccion\/wp-content\/uploads\/2023\/05\/Reforco-de-Base-de-Pavimento-1-1024x860.jpg 1024w\" data-sizes=\"(max-width: 300px) 100vw, 300px\" data-aspect=\"\" \/><\/div><\/a>\n\t\t\t\t<div class=\"elementor-post__badge\">Industria<\/div>\n\t\t\t\t<div class=\"elementor-post__text\">\n\t\t\t\t<h3 class=\"elementor-post__title\">\n\t\t\t<a href=\"https:\/\/america.com.uy\/construccion\/aplicaciones-america\/refuerzo-de-bases-y-subrasantes\/\" >\n\t\t\t\tRefuerzo de bases y estabilizaci\u00f3n de subrasantes en pavimentos\t\t\t<\/a>\n\t\t<\/h3>\n\t\t\t\t<div class=\"elementor-post__excerpt\">\n\t\t\t<p>El refuerzo de bases y subrasantes proporciona una serie de beneficios para las v\u00edas de transporte cerretero, caminer\u00eda rural, v\u00edas urbanas y ferroviarias Estos beneficios incluyen una mayor capacidad de<\/p>\n\t\t<\/div>\n\t\t\t\t\t<div class=\"elementor-post__read-more-wrapper\">\n\t\t\n\t\t<a class=\"elementor-post__read-more\" href=\"https:\/\/america.com.uy\/construccion\/aplicaciones-america\/refuerzo-de-bases-y-subrasantes\/\" aria-label=\"Read more about Refuerzo de bases y estabilizaci\u00f3n de subrasantes en pavimentos\" >\n\t\t\tVer aplicaci\u00f3n \u00bb\t\t<\/a>\n\n\t\t\t\t\t<\/div>\n\t\t\t\t<\/div>\n\t\t\t\t\t<\/div>\n\t\t<\/article>\n\t\t\t\t<article class=\"elementor-post elementor-grid-item post-12019 aplicaciones-america type-aplicaciones-america status-publish has-post-thumbnail hentry category-ingenieria-vial tag-fix-o-flex-ug tag-geotextil-rt tag-geotextiles-no-tejidos tag-hatelit tag-samigrid\">\n\t\t\t<div class=\"elementor-post__card\">\n\t\t\t\t<a class=\"elementor-post__thumbnail__link\" href=\"https:\/\/america.com.uy\/construccion\/aplicaciones-america\/repavimentacion\/\" ><div class=\"elementor-post__thumbnail\"><img loading=\"lazy\" decoding=\"async\" width=\"300\" height=\"252\" src=\"data:image\/svg+xml;charset=utf-8,%3Csvg xmlns%3D&#039;http%3A%2F%2Fwww.w3.org%2F2000%2Fsvg&#039; viewBox%3D&#039;0 0  &#039;%2F%3E\" class=\"attachment-medium size-medium wp-image-13128 ld-lazyload\" alt=\"\" itemprop=\"image\" data-src=\"https:\/\/america.com.uy\/construccion\/wp-content\/uploads\/2023\/05\/Sistema-Anti-Reflexao-de-Trincas-300x252.jpg\" data-srcset=\"https:\/\/america.com.uy\/construccion\/wp-content\/uploads\/2023\/05\/Sistema-Anti-Reflexao-de-Trincas-300x252.jpg 300w, https:\/\/america.com.uy\/construccion\/wp-content\/uploads\/2023\/05\/Sistema-Anti-Reflexao-de-Trincas-1024x860.jpg 1024w\" data-sizes=\"(max-width: 300px) 100vw, 300px\" data-aspect=\"\" \/><\/div><\/a>\n\t\t\t\t<div class=\"elementor-post__badge\">Ingenier\u00eda Vial<\/div>\n\t\t\t\t<div class=\"elementor-post__text\">\n\t\t\t\t<h3 class=\"elementor-post__title\">\n\t\t\t<a href=\"https:\/\/america.com.uy\/construccion\/aplicaciones-america\/repavimentacion\/\" >\n\t\t\t\tRepavimentaci\u00f3n asf\u00e1ltica\t\t\t<\/a>\n\t\t<\/h3>\n\t\t\t\t<div class=\"elementor-post__excerpt\">\n\t\t\t<p>Membrana antirreflexi\u00f3n de fisuras en recapados asf\u00e1lticos: Geogrilla Hatelit C El m\u00e9todo convencional de restauraci\u00f3n de pavimentos consiste generalmente en fresar parcialmentealgunas regiones de la carpeta damnificada y aplicar una<\/p>\n\t\t<\/div>\n\t\t\t\t\t<div class=\"elementor-post__read-more-wrapper\">\n\t\t\n\t\t<a class=\"elementor-post__read-more\" href=\"https:\/\/america.com.uy\/construccion\/aplicaciones-america\/repavimentacion\/\" aria-label=\"Read more about Repavimentaci\u00f3n asf\u00e1ltica\" >\n\t\t\tVer aplicaci\u00f3n \u00bb\t\t<\/a>\n\n\t\t\t\t\t<\/div>\n\t\t\t\t<\/div>\n\t\t\t\t\t<\/div>\n\t\t<\/article>\n\t\t\t\t<article class=\"elementor-post elementor-grid-item post-12015 aplicaciones-america type-aplicaciones-america status-publish has-post-thumbnail hentry category-ingenieria-geotecnica category-ingenieria-vial tag-fortrac tag-geoceldas-hdpe tag-geoceldas-neoloy tag-geotextil-rt tag-geotextiles-no-tejidos tag-otros-sistemas tag-proofmate-ek-junta-de-dilatacion tag-quadratum tag-terrae\">\n\t\t\t<div class=\"elementor-post__card\">\n\t\t\t\t<a class=\"elementor-post__thumbnail__link\" href=\"https:\/\/america.com.uy\/construccion\/aplicaciones-america\/estribos-de-puentes\/\" ><div class=\"elementor-post__thumbnail\"><img loading=\"lazy\" decoding=\"async\" width=\"300\" height=\"252\" src=\"data:image\/svg+xml;charset=utf-8,%3Csvg xmlns%3D&#039;http%3A%2F%2Fwww.w3.org%2F2000%2Fsvg&#039; viewBox%3D&#039;0 0  &#039;%2F%3E\" class=\"attachment-medium size-medium wp-image-13156 ld-lazyload\" alt=\"\" itemprop=\"image\" data-src=\"https:\/\/america.com.uy\/construccion\/wp-content\/uploads\/2023\/05\/Muro-de-Contencao-300x252.jpg\" data-srcset=\"https:\/\/america.com.uy\/construccion\/wp-content\/uploads\/2023\/05\/Muro-de-Contencao-300x252.jpg 300w, https:\/\/america.com.uy\/construccion\/wp-content\/uploads\/2023\/05\/Muro-de-Contencao-1024x860.jpg 1024w\" data-sizes=\"(max-width: 300px) 100vw, 300px\" data-aspect=\"\" \/><\/div><\/a>\n\t\t\t\t<div class=\"elementor-post__badge\">Ingenier\u00eda Geot\u00e9cnica<\/div>\n\t\t\t\t<div class=\"elementor-post__text\">\n\t\t\t\t<h3 class=\"elementor-post__title\">\n\t\t\t<a href=\"https:\/\/america.com.uy\/construccion\/aplicaciones-america\/estribos-de-puentes\/\" >\n\t\t\t\tEstribos de Puentes\t\t\t<\/a>\n\t\t<\/h3>\n\t\t\t\t<div class=\"elementor-post__excerpt\">\n\t\t\t<p>Es altamente frecuente en obras de infraestructura de transporte la necesidad de construir taludes de pendientes pronunciadas o muros de contenci\u00f3n en lugares donde el espacio disponible para el asiento<\/p>\n\t\t<\/div>\n\t\t\t\t\t<div class=\"elementor-post__read-more-wrapper\">\n\t\t\n\t\t<a class=\"elementor-post__read-more\" href=\"https:\/\/america.com.uy\/construccion\/aplicaciones-america\/estribos-de-puentes\/\" aria-label=\"Read more about Estribos de Puentes\" >\n\t\t\tVer aplicaci\u00f3n \u00bb\t\t<\/a>\n\n\t\t\t\t\t<\/div>\n\t\t\t\t<\/div>\n\t\t\t\t\t<\/div>\n\t\t<\/article>\n\t\t\t\t<article class=\"elementor-post elementor-grid-item post-11933 aplicaciones-america type-aplicaciones-america status-publish has-post-thumbnail hentry category-ingenieria-geotecnica category-ingenieria-vial tag-fortrac tag-geoceldas-hdpe tag-geoceldas-neoloy tag-geotextil-rt tag-geotextiles-no-tejidos tag-geotextiles-tejidos tag-otros-sistemas tag-quadratum tag-terrae\">\n\t\t\t<div class=\"elementor-post__card\">\n\t\t\t\t<a class=\"elementor-post__thumbnail__link\" href=\"https:\/\/america.com.uy\/construccion\/aplicaciones-america\/muros-de-contencion\/\" ><div class=\"elementor-post__thumbnail\"><img loading=\"lazy\" decoding=\"async\" width=\"300\" height=\"287\" src=\"data:image\/svg+xml;charset=utf-8,%3Csvg xmlns%3D&#039;http%3A%2F%2Fwww.w3.org%2F2000%2Fsvg&#039; viewBox%3D&#039;0 0  &#039;%2F%3E\" class=\"attachment-medium size-medium wp-image-12943 ld-lazyload\" alt=\"\" itemprop=\"image\" data-src=\"https:\/\/america.com.uy\/construccion\/wp-content\/uploads\/2023\/11\/4-300x287.jpg\" data-srcset=\"https:\/\/america.com.uy\/construccion\/wp-content\/uploads\/2023\/11\/4-300x287.jpg 300w, https:\/\/america.com.uy\/construccion\/wp-content\/uploads\/2023\/11\/4-1024x980.jpg 1024w, https:\/\/america.com.uy\/construccion\/wp-content\/uploads\/2023\/11\/4.jpg 1245w\" data-sizes=\"(max-width: 300px) 100vw, 300px\" data-aspect=\"\" \/><\/div><\/a>\n\t\t\t\t<div class=\"elementor-post__badge\">Ingenier\u00eda Geot\u00e9cnica<\/div>\n\t\t\t\t<div class=\"elementor-post__text\">\n\t\t\t\t<h3 class=\"elementor-post__title\">\n\t\t\t<a href=\"https:\/\/america.com.uy\/construccion\/aplicaciones-america\/muros-de-contencion\/\" >\n\t\t\t\tMuros de Suelo Reforzado\t\t\t<\/a>\n\t\t<\/h3>\n\t\t\t\t<div class=\"elementor-post__excerpt\">\n\t\t\t<p>Las estructuras de contenci\u00f3n de suelos son elementos esenciales para el dise\u00f1o de infraestructura vial, en estribos de puentes y muros de contenci\u00f3n en general. Por ejemplo, ante la falta<\/p>\n\t\t<\/div>\n\t\t\t\t\t<div class=\"elementor-post__read-more-wrapper\">\n\t\t\n\t\t<a class=\"elementor-post__read-more\" href=\"https:\/\/america.com.uy\/construccion\/aplicaciones-america\/muros-de-contencion\/\" aria-label=\"Read more about Muros de Suelo Reforzado\" >\n\t\t\tVer aplicaci\u00f3n \u00bb\t\t<\/a>\n\n\t\t\t\t\t<\/div>\n\t\t\t\t<\/div>\n\t\t\t\t\t<\/div>\n\t\t<\/article>\n\t\t\t\t<\/div>\n\t\t\n\t\t\t\t\t\t<\/div>\n\t\t\t\t<\/div>\n\t\t\t\t\t<\/div>\n\t\t\t\t<\/div>\n\t\t\t\t<\/div>\n\t\t","protected":false},"excerpt":{"rendered":"<p>Ingenier\u00eda Vial<\/p>\n","protected":false},"author":3,"featured_media":0,"parent":0,"menu_order":0,"comment_status":"closed","ping_status":"closed","template":"","meta":{"_eb_attr":"","_monsterinsights_skip_tracking":false,"_monsterinsights_sitenote_active":false,"_monsterinsights_sitenote_note":"","_monsterinsights_sitenote_category":0,"footnotes":"","_links_to":"","_links_to_target":""},"class_list":["post-12097","page","type-page","status-publish","hentry"],"_links":{"self":[{"href":"https:\/\/america.com.uy\/construccion\/wp-json\/wp\/v2\/pages\/12097","targetHints":{"allow":["GET"]}}],"collection":[{"href":"https:\/\/america.com.uy\/construccion\/wp-json\/wp\/v2\/pages"}],"about":[{"href":"https:\/\/america.com.uy\/construccion\/wp-json\/wp\/v2\/types\/page"}],"author":[{"embeddable":true,"href":"https:\/\/america.com.uy\/construccion\/wp-json\/wp\/v2\/users\/3"}],"replies":[{"embeddable":true,"href":"https:\/\/america.com.uy\/construccion\/wp-json\/wp\/v2\/comments?post=12097"}],"version-history":[{"count":0,"href":"https:\/\/america.com.uy\/construccion\/wp-json\/wp\/v2\/pages\/12097\/revisions"}],"wp:attachment":[{"href":"https:\/\/america.com.uy\/construccion\/wp-json\/wp\/v2\/media?parent=12097"}],"curies":[{"name":"wp","href":"https:\/\/api.w.org\/{rel}","templated":true}]}}