{"id":12107,"date":"2023-05-26T22:13:03","date_gmt":"2023-05-26T22:13:03","guid":{"rendered":"https:\/\/america.sitesolimpo.tech\/?page_id=12107"},"modified":"2023-06-09T20:46:06","modified_gmt":"2023-06-09T20:46:06","slug":"obras-civiles-y-arquitectura","status":"publish","type":"page","link":"https:\/\/america.com.uy\/construccion\/obras-civiles-y-arquitectura\/","title":{"rendered":"Obras Civiles y Arquitectura"},"content":{"rendered":"\t\t<div data-elementor-type=\"wp-page\" data-elementor-id=\"12107\" class=\"elementor elementor-12107\">\n\t\t\t\t\t\t<section class=\"elementor-section elementor-top-section elementor-element elementor-element-73f87f5 elementor-section-height-min-height elementor-section-boxed elementor-section-height-default elementor-section-items-middle\" data-id=\"73f87f5\" data-element_type=\"section\" data-e-type=\"section\" data-settings=\"{&quot;background_background&quot;:&quot;classic&quot;}\">\n\t\t\t\t\t\t\t<div class=\"elementor-background-overlay\"><\/div>\n\t\t\t\t\t\t\t<div class=\"elementor-container elementor-column-gap-default\">\n\t\t\t\t\t<div class=\"elementor-column elementor-col-100 elementor-top-column elementor-element elementor-element-295033d0\" data-id=\"295033d0\" data-element_type=\"column\" data-e-type=\"column\">\n\t\t\t<div class=\"elementor-widget-wrap elementor-element-populated\">\n\t\t\t\t\t\t<div data-custom-animations=\"true\" data-ca-options=\"{&quot;addChildTimelines&quot;:false,&quot;animationTarget&quot;:&quot;:scope &gt; .elementor-widget-container&quot;,&quot;ease&quot;:[&quot;power4.out&quot;],&quot;initValues&quot;:{&quot;opacity&quot;:0,&quot;y&quot;:-150},&quot;animations&quot;:{&quot;opacity&quot;:1,&quot;y&quot;:0}}\" class=\"elementor-element elementor-element-39eedc14 elementor-widget elementor-widget-hub_fancy_heading\" data-id=\"39eedc14\" data-element_type=\"widget\" data-e-type=\"widget\" data-widget_type=\"hub_fancy_heading.default\">\n\t\t\t\t<div class=\"elementor-widget-container\">\n\t\t\t\t\t\n\t\t<div id=\"ld-fancy-heading-69e4d28b67260\" class=\"ld-fancy-heading pos-rel\">\n\t\t\t<h1 class=\"ld-fh-element d-inline-block pos-rel  elementor-heading-title lqd-highlight-custom lqd-highlight-custom-1 h1\"  > Obras Civiles<br>y Arquitectura<\/h1>\t\t<\/div>\n\n\t\t\t\t\t\t<\/div>\n\t\t\t\t<\/div>\n\t\t\t\t\t<\/div>\n\t\t<\/div>\n\t\t\t\t\t<\/div>\n\t\t<\/section>\n\t\t<div class=\"elementor-element elementor-element-f28b1de e-flex e-con-boxed e-con e-parent\" data-id=\"f28b1de\" data-element_type=\"container\" data-e-type=\"container\">\n\t\t\t\t\t<div class=\"e-con-inner\">\n\t\t\t\t<div class=\"elementor-element elementor-element-561674b elementor-grid-3 elementor-grid-tablet-2 elementor-grid-mobile-1 elementor-posts--thumbnail-top elementor-card-shadow-yes elementor-posts__hover-gradient elementor-widget elementor-widget-posts\" data-id=\"561674b\" data-element_type=\"widget\" data-e-type=\"widget\" data-settings=\"{&quot;cards_columns&quot;:&quot;3&quot;,&quot;cards_columns_tablet&quot;:&quot;2&quot;,&quot;cards_columns_mobile&quot;:&quot;1&quot;,&quot;cards_row_gap&quot;:{&quot;unit&quot;:&quot;px&quot;,&quot;size&quot;:35,&quot;sizes&quot;:[]},&quot;cards_row_gap_laptop&quot;:{&quot;unit&quot;:&quot;px&quot;,&quot;size&quot;:&quot;&quot;,&quot;sizes&quot;:[]},&quot;cards_row_gap_tablet&quot;:{&quot;unit&quot;:&quot;px&quot;,&quot;size&quot;:&quot;&quot;,&quot;sizes&quot;:[]},&quot;cards_row_gap_mobile&quot;:{&quot;unit&quot;:&quot;px&quot;,&quot;size&quot;:&quot;&quot;,&quot;sizes&quot;:[]}}\" data-widget_type=\"posts.cards\">\n\t\t\t\t<div class=\"elementor-widget-container\">\n\t\t\t\t\t\t\t<div class=\"elementor-posts-container elementor-posts elementor-posts--skin-cards elementor-grid\">\n\t\t\t\t<article class=\"elementor-post elementor-grid-item post-12335 aplicaciones-america type-aplicaciones-america status-publish has-post-thumbnail hentry category-obras-civiles-y-arquitectura tag-geotextiles-tejidos\">\n\t\t\t<div class=\"elementor-post__card\">\n\t\t\t\t<a class=\"elementor-post__thumbnail__link\" href=\"https:\/\/america.com.uy\/construccion\/aplicaciones-america\/refuerzo-constructivo-vial\/\" ><div class=\"elementor-post__thumbnail\"><img fetchpriority=\"high\" decoding=\"async\" width=\"300\" height=\"252\" src=\"https:\/\/america.com.uy\/construccion\/wp-content\/uploads\/2023\/06\/Reforco-de-Base-de-Pavimento-2-300x252.jpg\" class=\"attachment-medium size-medium wp-image-13070\" alt=\"\" srcset=\"https:\/\/america.com.uy\/construccion\/wp-content\/uploads\/2023\/06\/Reforco-de-Base-de-Pavimento-2-300x252.jpg 300w, https:\/\/america.com.uy\/construccion\/wp-content\/uploads\/2023\/06\/Reforco-de-Base-de-Pavimento-2-1024x860.jpg 1024w\" sizes=\"(max-width: 300px) 100vw, 300px\" itemprop=\"image\" \/><\/div><\/a>\n\t\t\t\t<div class=\"elementor-post__badge\">Obras civiles y Arquitectura<\/div>\n\t\t\t\t<div class=\"elementor-post__text\">\n\t\t\t\t<h3 class=\"elementor-post__title\">\n\t\t\t<a href=\"https:\/\/america.com.uy\/construccion\/aplicaciones-america\/refuerzo-constructivo-vial\/\" >\n\t\t\t\tRefuerzo Constructivo Vial\t\t\t<\/a>\n\t\t<\/h3>\n\t\t\t\t<div class=\"elementor-post__excerpt\">\n\t\t\t<p>Llamamos refuerzo constructivo al uso de geosint\u00e9ticos como herramienta de sencilla utilizaci\u00f3n que permite mejorar las caracter\u00edsticas de la subrasante mediante un efecto combinado de refuerzo y separaci\u00f3n entre el<\/p>\n\t\t<\/div>\n\t\t\t\t\t<div class=\"elementor-post__read-more-wrapper\">\n\t\t\n\t\t<a class=\"elementor-post__read-more\" href=\"https:\/\/america.com.uy\/construccion\/aplicaciones-america\/refuerzo-constructivo-vial\/\" aria-label=\"Read more about Refuerzo Constructivo Vial\" >\n\t\t\tVer aplicaci\u00f3n \u00bb\t\t<\/a>\n\n\t\t\t\t\t<\/div>\n\t\t\t\t<\/div>\n\t\t\t\t\t<\/div>\n\t\t<\/article>\n\t\t\t\t<article class=\"elementor-post elementor-grid-item post-12334 aplicaciones-america type-aplicaciones-america status-publish has-post-thumbnail hentry category-obras-civiles-y-arquitectura tag-geotextiles-tejidos\">\n\t\t\t<div class=\"elementor-post__card\">\n\t\t\t\t<a class=\"elementor-post__thumbnail__link\" href=\"https:\/\/america.com.uy\/construccion\/aplicaciones-america\/reparacion-de-pilotes\/\" ><div class=\"elementor-post__thumbnail\"><img decoding=\"async\" width=\"300\" height=\"150\" src=\"data:image\/svg+xml;charset=utf-8,%3Csvg xmlns%3D&#039;http%3A%2F%2Fwww.w3.org%2F2000%2Fsvg&#039; viewBox%3D&#039;0 0  &#039;%2F%3E\" class=\"attachment-medium size-medium wp-image-13054 ld-lazyload\" alt=\"\" itemprop=\"image\" data-src=\"https:\/\/america.com.uy\/construccion\/wp-content\/uploads\/2023\/06\/reparacion-de-pilotes-2-300x150.jpg\" data-srcset=\"https:\/\/america.com.uy\/construccion\/wp-content\/uploads\/2023\/06\/reparacion-de-pilotes-2-300x150.jpg 300w, https:\/\/america.com.uy\/construccion\/wp-content\/uploads\/2023\/06\/reparacion-de-pilotes-2.jpg 317w\" data-sizes=\"(max-width: 300px) 100vw, 300px\" data-aspect=\"\" \/><\/div><\/a>\n\t\t\t\t<div class=\"elementor-post__badge\">Obras civiles y Arquitectura<\/div>\n\t\t\t\t<div class=\"elementor-post__text\">\n\t\t\t\t<h3 class=\"elementor-post__title\">\n\t\t\t<a href=\"https:\/\/america.com.uy\/construccion\/aplicaciones-america\/reparacion-de-pilotes\/\" >\n\t\t\t\tReparaci\u00f3n de pilotes\t\t\t<\/a>\n\t\t<\/h3>\n\t\t\t\t<div class=\"elementor-post__excerpt\">\n\t\t\t<p>Encamisado flexible con geotextil para reparaci\u00f3n de pilotes.Presenta grandes ventajas constructivas sobretodo en reparaci\u00f3n de pilotes bajo agua con hormig\u00f3n inmergido. Aplicaciones: Productos relacionados<\/p>\n\t\t<\/div>\n\t\t\t\t\t<div class=\"elementor-post__read-more-wrapper\">\n\t\t\n\t\t<a class=\"elementor-post__read-more\" href=\"https:\/\/america.com.uy\/construccion\/aplicaciones-america\/reparacion-de-pilotes\/\" aria-label=\"Read more about Reparaci\u00f3n de pilotes\" >\n\t\t\tVer aplicaci\u00f3n \u00bb\t\t<\/a>\n\n\t\t\t\t\t<\/div>\n\t\t\t\t<\/div>\n\t\t\t\t\t<\/div>\n\t\t<\/article>\n\t\t\t\t<article class=\"elementor-post elementor-grid-item post-12333 aplicaciones-america type-aplicaciones-america status-publish has-post-thumbnail hentry category-obras-civiles-y-arquitectura tag-accesorios tag-maxi tag-pedestales tag-prime tag-se-eterno tag-soportes-para-decks tag-star-t\">\n\t\t\t<div class=\"elementor-post__card\">\n\t\t\t\t<a class=\"elementor-post__thumbnail__link\" href=\"https:\/\/america.com.uy\/construccion\/aplicaciones-america\/pedestales-para-pisos-exteriores-empalomados\/\" ><div class=\"elementor-post__thumbnail\"><img decoding=\"async\" width=\"300\" height=\"283\" src=\"data:image\/svg+xml;charset=utf-8,%3Csvg xmlns%3D&#039;http%3A%2F%2Fwww.w3.org%2F2000%2Fsvg&#039; viewBox%3D&#039;0 0  &#039;%2F%3E\" class=\"attachment-medium size-medium wp-image-13088 ld-lazyload\" alt=\"\" itemprop=\"image\" data-src=\"https:\/\/america.com.uy\/construccion\/wp-content\/uploads\/2023\/06\/Captura-de-pantalla-2023-12-11-154824-300x283.jpg\" data-srcset=\"https:\/\/america.com.uy\/construccion\/wp-content\/uploads\/2023\/06\/Captura-de-pantalla-2023-12-11-154824-300x283.jpg 300w, https:\/\/america.com.uy\/construccion\/wp-content\/uploads\/2023\/06\/Captura-de-pantalla-2023-12-11-154824.jpg 600w\" data-sizes=\"(max-width: 300px) 100vw, 300px\" data-aspect=\"\" \/><\/div><\/a>\n\t\t\t\t<div class=\"elementor-post__badge\">Obras civiles y Arquitectura<\/div>\n\t\t\t\t<div class=\"elementor-post__text\">\n\t\t\t\t<h3 class=\"elementor-post__title\">\n\t\t\t<a href=\"https:\/\/america.com.uy\/construccion\/aplicaciones-america\/pedestales-para-pisos-exteriores-empalomados\/\" >\n\t\t\t\tPedestales para pisos exteriores &#8211; Empalomados\t\t\t<\/a>\n\t\t<\/h3>\n\t\t\t\t<div class=\"elementor-post__excerpt\">\n\t\t\t<p>Sistema simple y vers\u00e1til, para una colocaci\u00f3n r\u00e1pida y segura Consiste en la colocaci\u00f3n directa de pavimentos autoportantes sobre soportes\/pedestales colocados en seco sobre la superficie de instalaci\u00f3n. La tecnolog\u00eda<\/p>\n\t\t<\/div>\n\t\t\t\t\t<div class=\"elementor-post__read-more-wrapper\">\n\t\t\n\t\t<a class=\"elementor-post__read-more\" href=\"https:\/\/america.com.uy\/construccion\/aplicaciones-america\/pedestales-para-pisos-exteriores-empalomados\/\" aria-label=\"Read more about Pedestales para pisos exteriores &#8211; Empalomados\" >\n\t\t\tVer aplicaci\u00f3n \u00bb\t\t<\/a>\n\n\t\t\t\t\t<\/div>\n\t\t\t\t<\/div>\n\t\t\t\t\t<\/div>\n\t\t<\/article>\n\t\t\t\t<article class=\"elementor-post elementor-grid-item post-12199 aplicaciones-america type-aplicaciones-america status-publish has-post-thumbnail hentry category-obras-civiles-y-arquitectura tag-geoceldas-con-piedra tag-geoceldas-hdpe tag-geoceldas-neoloy tag-geodrenes tag-geotextil-rt tag-geotextiles-no-tejidos tag-geotextiles-tejidos tag-guttagarden\">\n\t\t\t<div class=\"elementor-post__card\">\n\t\t\t\t<a class=\"elementor-post__thumbnail__link\" href=\"https:\/\/america.com.uy\/construccion\/aplicaciones-america\/pavimentos-modulares-permeables-2\/\" ><div class=\"elementor-post__thumbnail\"><img loading=\"lazy\" decoding=\"async\" width=\"300\" height=\"180\" src=\"data:image\/svg+xml;charset=utf-8,%3Csvg xmlns%3D&#039;http%3A%2F%2Fwww.w3.org%2F2000%2Fsvg&#039; viewBox%3D&#039;0 0  &#039;%2F%3E\" class=\"attachment-medium size-medium wp-image-13093 ld-lazyload\" alt=\"\" itemprop=\"image\" data-src=\"https:\/\/america.com.uy\/construccion\/wp-content\/uploads\/2023\/12\/Captura-de-pantalla-2023-12-13-105356-300x180.jpg\" data-srcset=\"https:\/\/america.com.uy\/construccion\/wp-content\/uploads\/2023\/12\/Captura-de-pantalla-2023-12-13-105356-300x180.jpg 300w, https:\/\/america.com.uy\/construccion\/wp-content\/uploads\/2023\/12\/Captura-de-pantalla-2023-12-13-105356.jpg 648w\" data-sizes=\"(max-width: 300px) 100vw, 300px\" data-aspect=\"\" \/><\/div><\/a>\n\t\t\t\t<div class=\"elementor-post__badge\">Obras civiles y Arquitectura<\/div>\n\t\t\t\t<div class=\"elementor-post__text\">\n\t\t\t\t<h3 class=\"elementor-post__title\">\n\t\t\t<a href=\"https:\/\/america.com.uy\/construccion\/aplicaciones-america\/pavimentos-modulares-permeables-2\/\" >\n\t\t\t\tPavimentos Modulares Permeables\t\t\t<\/a>\n\t\t<\/h3>\n\t\t\t\t<div class=\"elementor-post__excerpt\">\n\t\t\t<p>Los pavimentos modulares permeables es una herramienta que permite la amortiguaci\u00f3n de los picos de lluvia. El escurrimiento es captado y retenido en su espesor para su posterior conducci\u00f3n o<\/p>\n\t\t<\/div>\n\t\t\t\t\t<div class=\"elementor-post__read-more-wrapper\">\n\t\t\n\t\t<a class=\"elementor-post__read-more\" href=\"https:\/\/america.com.uy\/construccion\/aplicaciones-america\/pavimentos-modulares-permeables-2\/\" aria-label=\"Read more about Pavimentos Modulares Permeables\" >\n\t\t\tVer aplicaci\u00f3n \u00bb\t\t<\/a>\n\n\t\t\t\t\t<\/div>\n\t\t\t\t<\/div>\n\t\t\t\t\t<\/div>\n\t\t<\/article>\n\t\t\t\t<article class=\"elementor-post elementor-grid-item post-12196 aplicaciones-america type-aplicaciones-america status-publish has-post-thumbnail hentry category-obras-civiles-y-arquitectura tag-anclajes-quimicos tag-camaras tag-fix-o-flex-sellador-alto-rendimiento tag-fix-o-flex-ug tag-kerbdrain tag-proofmate-ek-junta-de-dilatacion tag-proofmate-f tag-proofmate-fd-banda tag-tapas-exteriores-fundicion\">\n\t\t\t<div class=\"elementor-post__card\">\n\t\t\t\t<a class=\"elementor-post__thumbnail__link\" href=\"https:\/\/america.com.uy\/construccion\/aplicaciones-america\/sellados-y-juntas\/\" ><div class=\"elementor-post__thumbnail\"><img loading=\"lazy\" decoding=\"async\" width=\"300\" height=\"225\" src=\"data:image\/svg+xml;charset=utf-8,%3Csvg xmlns%3D&#039;http%3A%2F%2Fwww.w3.org%2F2000%2Fsvg&#039; viewBox%3D&#039;0 0  &#039;%2F%3E\" class=\"attachment-medium size-medium wp-image-13411 ld-lazyload\" alt=\"\" itemprop=\"image\" data-src=\"https:\/\/america.com.uy\/construccion\/wp-content\/uploads\/2023\/05\/mittigderbewehrung-300x225.jpg\" data-srcset=\"https:\/\/america.com.uy\/construccion\/wp-content\/uploads\/2023\/05\/mittigderbewehrung-300x225.jpg 300w, https:\/\/america.com.uy\/construccion\/wp-content\/uploads\/2023\/05\/mittigderbewehrung.jpg 640w\" data-sizes=\"(max-width: 300px) 100vw, 300px\" data-aspect=\"\" \/><\/div><\/a>\n\t\t\t\t<div class=\"elementor-post__badge\">Obras civiles y Arquitectura<\/div>\n\t\t\t\t<div class=\"elementor-post__text\">\n\t\t\t\t<h3 class=\"elementor-post__title\">\n\t\t\t<a href=\"https:\/\/america.com.uy\/construccion\/aplicaciones-america\/sellados-y-juntas\/\" >\n\t\t\t\tSellados y Juntas\t\t\t<\/a>\n\t\t<\/h3>\n\t\t\t\t<div class=\"elementor-post__excerpt\">\n\t\t\t<p>Los sellados y juntas son una aplicaci\u00f3n fundamental en obras civiles y arquitectura que garantiza la protecci\u00f3n y estanqueidad de estructuras frente a factores externos como humedad, infiltraciones, vibraciones y<\/p>\n\t\t<\/div>\n\t\t\t\t\t<div class=\"elementor-post__read-more-wrapper\">\n\t\t\n\t\t<a class=\"elementor-post__read-more\" href=\"https:\/\/america.com.uy\/construccion\/aplicaciones-america\/sellados-y-juntas\/\" aria-label=\"Read more about Sellados y Juntas\" >\n\t\t\tVer aplicaci\u00f3n \u00bb\t\t<\/a>\n\n\t\t\t\t\t<\/div>\n\t\t\t\t<\/div>\n\t\t\t\t\t<\/div>\n\t\t<\/article>\n\t\t\t\t<article class=\"elementor-post elementor-grid-item post-12038 aplicaciones-america type-aplicaciones-america status-publish has-post-thumbnail hentry category-industria category-ingenieria-hidraulica category-obras-civiles-y-arquitectura tag-accesorios-pvc tag-geoceldas-con-piedra tag-geomembrana-hdpe-2 tag-geomembrana-pvc tag-geomembranas tag-geotextil-rt tag-geotextiles-no-tejidos tag-stormbrixx\">\n\t\t\t<div class=\"elementor-post__card\">\n\t\t\t\t<a class=\"elementor-post__thumbnail__link\" href=\"https:\/\/america.com.uy\/construccion\/aplicaciones-america\/amortiguacion\/\" ><div class=\"elementor-post__thumbnail\"><img loading=\"lazy\" decoding=\"async\" width=\"300\" height=\"275\" src=\"data:image\/svg+xml;charset=utf-8,%3Csvg xmlns%3D&#039;http%3A%2F%2Fwww.w3.org%2F2000%2Fsvg&#039; viewBox%3D&#039;0 0  &#039;%2F%3E\" class=\"attachment-medium size-medium wp-image-13505 ld-lazyload\" alt=\"\" itemprop=\"image\" data-src=\"https:\/\/america.com.uy\/construccion\/wp-content\/uploads\/2023\/05\/suds-300x275.jpg\" data-srcset=\"https:\/\/america.com.uy\/construccion\/wp-content\/uploads\/2023\/05\/suds-300x275.jpg 300w, https:\/\/america.com.uy\/construccion\/wp-content\/uploads\/2023\/05\/suds.jpg 641w\" data-sizes=\"(max-width: 300px) 100vw, 300px\" data-aspect=\"\" \/><\/div><\/a>\n\t\t\t\t<div class=\"elementor-post__badge\">Industria<\/div>\n\t\t\t\t<div class=\"elementor-post__text\">\n\t\t\t\t<h3 class=\"elementor-post__title\">\n\t\t\t<a href=\"https:\/\/america.com.uy\/construccion\/aplicaciones-america\/amortiguacion\/\" >\n\t\t\t\tAmortiguaci\u00f3n\t\t\t<\/a>\n\t\t<\/h3>\n\t\t\t\t<div class=\"elementor-post__excerpt\">\n\t\t\t<p>Amortiguaci\u00f3n o laminaci\u00f3n de pluviales A medida que el clima cambia y los eventos de lluvia significativos se vuelven m\u00e1s frecuentes, la gesti\u00f3n del agua superficial se torna cada vez<\/p>\n\t\t<\/div>\n\t\t\t\t\t<div class=\"elementor-post__read-more-wrapper\">\n\t\t\n\t\t<a class=\"elementor-post__read-more\" href=\"https:\/\/america.com.uy\/construccion\/aplicaciones-america\/amortiguacion\/\" aria-label=\"Read more about Amortiguaci\u00f3n\" >\n\t\t\tVer aplicaci\u00f3n \u00bb\t\t<\/a>\n\n\t\t\t\t\t<\/div>\n\t\t\t\t<\/div>\n\t\t\t\t\t<\/div>\n\t\t<\/article>\n\t\t\t\t<article class=\"elementor-post elementor-grid-item post-12034 aplicaciones-america type-aplicaciones-america status-publish has-post-thumbnail hentry category-ingenieria-ambiental category-ingenieria-hidraulica category-obras-civiles-y-arquitectura tag-accesorios-pvc tag-geodrenes tag-geomembrana-hdpe-2 tag-geomembrana-pvc tag-geotextil-rt tag-geotextiles-no-tejidos\">\n\t\t\t<div class=\"elementor-post__card\">\n\t\t\t\t<a class=\"elementor-post__thumbnail__link\" href=\"https:\/\/america.com.uy\/construccion\/aplicaciones-america\/techos-verdes\/\" ><div class=\"elementor-post__thumbnail\"><img loading=\"lazy\" decoding=\"async\" width=\"300\" height=\"225\" src=\"data:image\/svg+xml;charset=utf-8,%3Csvg xmlns%3D&#039;http%3A%2F%2Fwww.w3.org%2F2000%2Fsvg&#039; viewBox%3D&#039;0 0  &#039;%2F%3E\" class=\"attachment-medium size-medium wp-image-13171 ld-lazyload\" alt=\"\" itemprop=\"image\" data-src=\"https:\/\/america.com.uy\/construccion\/wp-content\/uploads\/2023\/12\/PICT0056-300x225.jpeg\" data-srcset=\"https:\/\/america.com.uy\/construccion\/wp-content\/uploads\/2023\/12\/PICT0056-300x225.jpeg 300w, https:\/\/america.com.uy\/construccion\/wp-content\/uploads\/2023\/12\/PICT0056-1024x768.jpeg 1024w, https:\/\/america.com.uy\/construccion\/wp-content\/uploads\/2023\/12\/PICT0056.jpeg 1280w\" data-sizes=\"(max-width: 300px) 100vw, 300px\" data-aspect=\"\" \/><\/div><\/a>\n\t\t\t\t<div class=\"elementor-post__badge\">Ingenier\u00eda Ambiental<\/div>\n\t\t\t\t<div class=\"elementor-post__text\">\n\t\t\t\t<h3 class=\"elementor-post__title\">\n\t\t\t<a href=\"https:\/\/america.com.uy\/construccion\/aplicaciones-america\/techos-verdes\/\" >\n\t\t\t\tTechos Verdes\t\t\t<\/a>\n\t\t<\/h3>\n\t\t\t\t<div class=\"elementor-post__excerpt\">\n\t\t\t<p>Techos Verdes Los techos verdes se han convertido en un componente muy importante del desarrollo urbano sostenible. La creciente concientizaci\u00f3n medioambiental y las ventajas econ\u00f3micas y ecol\u00f3gicas notables son fuerzas<\/p>\n\t\t<\/div>\n\t\t\t\t\t<div class=\"elementor-post__read-more-wrapper\">\n\t\t\n\t\t<a class=\"elementor-post__read-more\" href=\"https:\/\/america.com.uy\/construccion\/aplicaciones-america\/techos-verdes\/\" aria-label=\"Read more about Techos Verdes\" >\n\t\t\tVer aplicaci\u00f3n \u00bb\t\t<\/a>\n\n\t\t\t\t\t<\/div>\n\t\t\t\t<\/div>\n\t\t\t\t\t<\/div>\n\t\t<\/article>\n\t\t\t\t<article class=\"elementor-post elementor-grid-item post-12022 aplicaciones-america type-aplicaciones-america status-publish has-post-thumbnail hentry category-ingenieria-ambiental category-ingenieria-hidraulica category-ingenieria-vial category-obras-civiles-y-arquitectura tag-cortina-de-turbidez tag-geotextil-rt tag-geotextiles-no-tejidos tag-incomat tag-tenax-lbo\">\n\t\t\t<div class=\"elementor-post__card\">\n\t\t\t\t<a class=\"elementor-post__thumbnail__link\" href=\"https:\/\/america.com.uy\/construccion\/aplicaciones-america\/refuerzo-constructivo-2\/\" ><div class=\"elementor-post__thumbnail\"><img loading=\"lazy\" decoding=\"async\" width=\"300\" height=\"194\" src=\"data:image\/svg+xml;charset=utf-8,%3Csvg xmlns%3D&#039;http%3A%2F%2Fwww.w3.org%2F2000%2Fsvg&#039; viewBox%3D&#039;0 0  &#039;%2F%3E\" class=\"attachment-medium size-medium wp-image-13131 ld-lazyload\" alt=\"\" itemprop=\"image\" data-src=\"https:\/\/america.com.uy\/construccion\/wp-content\/uploads\/2023\/12\/Mulldeponie_RGB-300x194.jpg\" data-srcset=\"https:\/\/america.com.uy\/construccion\/wp-content\/uploads\/2023\/12\/Mulldeponie_RGB-300x194.jpg 300w, https:\/\/america.com.uy\/construccion\/wp-content\/uploads\/2023\/12\/Mulldeponie_RGB-1024x661.jpg 1024w, https:\/\/america.com.uy\/construccion\/wp-content\/uploads\/2023\/12\/Mulldeponie_RGB-scaled-700x450.jpg 700w\" data-sizes=\"(max-width: 300px) 100vw, 300px\" data-aspect=\"\" \/><\/div><\/a>\n\t\t\t\t<div class=\"elementor-post__badge\">Ingenier\u00eda Ambiental<\/div>\n\t\t\t\t<div class=\"elementor-post__text\">\n\t\t\t\t<h3 class=\"elementor-post__title\">\n\t\t\t<a href=\"https:\/\/america.com.uy\/construccion\/aplicaciones-america\/refuerzo-constructivo-2\/\" >\n\t\t\t\tControl de Erosi\u00f3n\t\t\t<\/a>\n\t\t<\/h3>\n\t\t\t\t<div class=\"elementor-post__excerpt\">\n\t\t\t<p>La erosi\u00f3n es un proceso natural causado por las fuerzas del agua y el viento. Este es influenciadopor un cierto n\u00famero de factores, como el tipo de suelo, vegetaci\u00f3n y<\/p>\n\t\t<\/div>\n\t\t\t\t\t<div class=\"elementor-post__read-more-wrapper\">\n\t\t\n\t\t<a class=\"elementor-post__read-more\" href=\"https:\/\/america.com.uy\/construccion\/aplicaciones-america\/refuerzo-constructivo-2\/\" aria-label=\"Read more about Control de Erosi\u00f3n\" >\n\t\t\tVer aplicaci\u00f3n \u00bb\t\t<\/a>\n\n\t\t\t\t\t<\/div>\n\t\t\t\t<\/div>\n\t\t\t\t\t<\/div>\n\t\t<\/article>\n\t\t\t\t<\/div>\n\t\t\n\t\t\t\t\t\t<\/div>\n\t\t\t\t<\/div>\n\t\t\t\t\t<\/div>\n\t\t\t\t<\/div>\n\t\t\t\t<\/div>\n\t\t","protected":false},"excerpt":{"rendered":"<p>Obras Civilesy Arquitectura<\/p>\n","protected":false},"author":3,"featured_media":0,"parent":0,"menu_order":0,"comment_status":"closed","ping_status":"closed","template":"","meta":{"_eb_attr":"","_monsterinsights_skip_tracking":false,"_monsterinsights_sitenote_active":false,"_monsterinsights_sitenote_note":"","_monsterinsights_sitenote_category":0,"footnotes":"","_links_to":"","_links_to_target":""},"class_list":["post-12107","page","type-page","status-publish","hentry"],"_links":{"self":[{"href":"https:\/\/america.com.uy\/construccion\/wp-json\/wp\/v2\/pages\/12107","targetHints":{"allow":["GET"]}}],"collection":[{"href":"https:\/\/america.com.uy\/construccion\/wp-json\/wp\/v2\/pages"}],"about":[{"href":"https:\/\/america.com.uy\/construccion\/wp-json\/wp\/v2\/types\/page"}],"author":[{"embeddable":true,"href":"https:\/\/america.com.uy\/construccion\/wp-json\/wp\/v2\/users\/3"}],"replies":[{"embeddable":true,"href":"https:\/\/america.com.uy\/construccion\/wp-json\/wp\/v2\/comments?post=12107"}],"version-history":[{"count":0,"href":"https:\/\/america.com.uy\/construccion\/wp-json\/wp\/v2\/pages\/12107\/revisions"}],"wp:attachment":[{"href":"https:\/\/america.com.uy\/construccion\/wp-json\/wp\/v2\/media?parent=12107"}],"curies":[{"name":"wp","href":"https:\/\/api.w.org\/{rel}","templated":true}]}}