{"id":12296,"date":"2023-06-02T01:17:07","date_gmt":"2023-06-02T01:17:07","guid":{"rendered":"https:\/\/america.sitesolimpo.tech\/?page_id=12296"},"modified":"2023-06-09T20:45:29","modified_gmt":"2023-06-09T20:45:29","slug":"ingenieria-ambiental","status":"publish","type":"page","link":"https:\/\/america.com.uy\/construccion\/ingenieria-ambiental\/","title":{"rendered":"Ingenier\u00eda Ambiental"},"content":{"rendered":"\t\t<div data-elementor-type=\"wp-page\" data-elementor-id=\"12296\" class=\"elementor elementor-12296\">\n\t\t\t\t\t\t<section class=\"elementor-section elementor-top-section elementor-element elementor-element-73f87f5 elementor-section-height-min-height elementor-section-boxed elementor-section-height-default elementor-section-items-middle\" data-id=\"73f87f5\" data-element_type=\"section\" data-e-type=\"section\" data-settings=\"{&quot;background_background&quot;:&quot;classic&quot;}\">\n\t\t\t\t\t\t\t<div class=\"elementor-background-overlay\"><\/div>\n\t\t\t\t\t\t\t<div class=\"elementor-container elementor-column-gap-default\">\n\t\t\t\t\t<div class=\"elementor-column elementor-col-100 elementor-top-column elementor-element elementor-element-295033d0\" data-id=\"295033d0\" data-element_type=\"column\" data-e-type=\"column\">\n\t\t\t<div class=\"elementor-widget-wrap elementor-element-populated\">\n\t\t\t\t\t\t<div data-custom-animations=\"true\" data-ca-options=\"{&quot;addChildTimelines&quot;:false,&quot;animationTarget&quot;:&quot;:scope &gt; .elementor-widget-container&quot;,&quot;ease&quot;:[&quot;power4.out&quot;],&quot;initValues&quot;:{&quot;opacity&quot;:0,&quot;y&quot;:-150},&quot;animations&quot;:{&quot;opacity&quot;:1,&quot;y&quot;:0}}\" class=\"elementor-element elementor-element-39eedc14 elementor-widget elementor-widget-hub_fancy_heading\" data-id=\"39eedc14\" data-element_type=\"widget\" data-e-type=\"widget\" data-widget_type=\"hub_fancy_heading.default\">\n\t\t\t\t<div class=\"elementor-widget-container\">\n\t\t\t\t\t\n\t\t<div id=\"ld-fancy-heading-69e9dbc63684d\" class=\"ld-fancy-heading pos-rel\">\n\t\t\t<h1 class=\"ld-fh-element d-inline-block pos-rel  elementor-heading-title lqd-highlight-custom lqd-highlight-custom-1 h1\"  > Ingenier\u00eda Ambiental<\/h1>\t\t<\/div>\n\n\t\t\t\t\t\t<\/div>\n\t\t\t\t<\/div>\n\t\t\t\t\t<\/div>\n\t\t<\/div>\n\t\t\t\t\t<\/div>\n\t\t<\/section>\n\t\t<div class=\"elementor-element elementor-element-f28b1de e-flex e-con-boxed e-con e-parent\" data-id=\"f28b1de\" data-element_type=\"container\" data-e-type=\"container\">\n\t\t\t\t\t<div class=\"e-con-inner\">\n\t\t\t\t<div class=\"elementor-element elementor-element-561674b elementor-grid-3 elementor-grid-tablet-2 elementor-grid-mobile-1 elementor-posts--thumbnail-top elementor-card-shadow-yes elementor-posts__hover-gradient elementor-widget elementor-widget-posts\" data-id=\"561674b\" data-element_type=\"widget\" data-e-type=\"widget\" data-settings=\"{&quot;cards_columns&quot;:&quot;3&quot;,&quot;cards_columns_tablet&quot;:&quot;2&quot;,&quot;cards_columns_mobile&quot;:&quot;1&quot;,&quot;cards_row_gap&quot;:{&quot;unit&quot;:&quot;px&quot;,&quot;size&quot;:35,&quot;sizes&quot;:[]},&quot;cards_row_gap_laptop&quot;:{&quot;unit&quot;:&quot;px&quot;,&quot;size&quot;:&quot;&quot;,&quot;sizes&quot;:[]},&quot;cards_row_gap_tablet&quot;:{&quot;unit&quot;:&quot;px&quot;,&quot;size&quot;:&quot;&quot;,&quot;sizes&quot;:[]},&quot;cards_row_gap_mobile&quot;:{&quot;unit&quot;:&quot;px&quot;,&quot;size&quot;:&quot;&quot;,&quot;sizes&quot;:[]}}\" data-widget_type=\"posts.cards\">\n\t\t\t\t<div class=\"elementor-widget-container\">\n\t\t\t\t\t\t\t<div class=\"elementor-posts-container elementor-posts elementor-posts--skin-cards elementor-grid\">\n\t\t\t\t<article class=\"elementor-post elementor-grid-item post-12195 aplicaciones-america type-aplicaciones-america status-publish has-post-thumbnail hentry category-amortiguadores-de-pluviales category-drenaje category-geotextiles-no-tejidos category-industria category-ingenieria-ambiental category-ingenieria-hidraulica tag-accesorios-pvc tag-fix-o-flex-sellador-alto-rendimiento tag-gcl-tektoseal tag-geomembrana-hdpe-2 tag-geomembrana-pvc tag-geomembranas tag-geored tag-geotextil-rt tag-geotextiles-no-tejidos tag-tektoseal-active\">\n\t\t\t<div class=\"elementor-post__card\">\n\t\t\t\t<a class=\"elementor-post__thumbnail__link\" href=\"https:\/\/america.com.uy\/construccion\/aplicaciones-america\/impermeabilizacion-de-suelos\/\" ><div class=\"elementor-post__thumbnail\"><img decoding=\"async\" width=\"300\" height=\"149\" src=\"https:\/\/america.com.uy\/construccion\/wp-content\/uploads\/2023\/05\/caso2.f4400b4f-300x149.png\" class=\"attachment-medium size-medium wp-image-13046\" alt=\"\" srcset=\"https:\/\/america.com.uy\/construccion\/wp-content\/uploads\/2023\/05\/caso2.f4400b4f-300x149.png 300w, https:\/\/america.com.uy\/construccion\/wp-content\/uploads\/2023\/05\/caso2.f4400b4f.png 580w\" sizes=\"(max-width: 300px) 100vw, 300px\" itemprop=\"image\" \/><\/div><\/a>\n\t\t\t\t<div class=\"elementor-post__badge\">Amortiguadores de pluviales<\/div>\n\t\t\t\t<div class=\"elementor-post__text\">\n\t\t\t\t<h3 class=\"elementor-post__title\">\n\t\t\t<a href=\"https:\/\/america.com.uy\/construccion\/aplicaciones-america\/impermeabilizacion-de-suelos\/\" >\n\t\t\t\tImpermeabilizaci\u00f3n de Suelos y Lagunas\t\t\t<\/a>\n\t\t<\/h3>\n\t\t\t\t<div class=\"elementor-post__excerpt\">\n\t\t\t<p>Las barreras impermeables son utilizadas en diversas obras ambientales y de ingenier\u00eda para impedir y\/o prevenir la migraci\u00f3n de l\u00edquidos al suelo. Tradicionalmente esas barreras han sido construidas con diferentes<\/p>\n\t\t<\/div>\n\t\t\t\t\t<div class=\"elementor-post__read-more-wrapper\">\n\t\t\n\t\t<a class=\"elementor-post__read-more\" href=\"https:\/\/america.com.uy\/construccion\/aplicaciones-america\/impermeabilizacion-de-suelos\/\" aria-label=\"Read more about Impermeabilizaci\u00f3n de Suelos y Lagunas\" >\n\t\t\tVer aplicaci\u00f3n \u00bb\t\t<\/a>\n\n\t\t\t\t\t<\/div>\n\t\t\t\t<\/div>\n\t\t\t\t\t<\/div>\n\t\t<\/article>\n\t\t\t\t<article class=\"elementor-post elementor-grid-item post-12034 aplicaciones-america type-aplicaciones-america status-publish has-post-thumbnail hentry category-ingenieria-ambiental category-ingenieria-hidraulica category-obras-civiles-y-arquitectura tag-accesorios-pvc tag-geodrenes tag-geomembrana-hdpe-2 tag-geomembrana-pvc tag-geotextil-rt tag-geotextiles-no-tejidos\">\n\t\t\t<div class=\"elementor-post__card\">\n\t\t\t\t<a class=\"elementor-post__thumbnail__link\" href=\"https:\/\/america.com.uy\/construccion\/aplicaciones-america\/techos-verdes\/\" ><div class=\"elementor-post__thumbnail\"><img fetchpriority=\"high\" decoding=\"async\" width=\"300\" height=\"225\" src=\"data:image\/svg+xml;charset=utf-8,%3Csvg xmlns%3D&#039;http%3A%2F%2Fwww.w3.org%2F2000%2Fsvg&#039; viewBox%3D&#039;0 0  &#039;%2F%3E\" class=\"attachment-medium size-medium wp-image-13171 ld-lazyload\" alt=\"\" itemprop=\"image\" data-src=\"https:\/\/america.com.uy\/construccion\/wp-content\/uploads\/2023\/12\/PICT0056-300x225.jpeg\" data-srcset=\"https:\/\/america.com.uy\/construccion\/wp-content\/uploads\/2023\/12\/PICT0056-300x225.jpeg 300w, https:\/\/america.com.uy\/construccion\/wp-content\/uploads\/2023\/12\/PICT0056-1024x768.jpeg 1024w, https:\/\/america.com.uy\/construccion\/wp-content\/uploads\/2023\/12\/PICT0056.jpeg 1280w\" data-sizes=\"(max-width: 300px) 100vw, 300px\" data-aspect=\"\" \/><\/div><\/a>\n\t\t\t\t<div class=\"elementor-post__badge\">Ingenier\u00eda Ambiental<\/div>\n\t\t\t\t<div class=\"elementor-post__text\">\n\t\t\t\t<h3 class=\"elementor-post__title\">\n\t\t\t<a href=\"https:\/\/america.com.uy\/construccion\/aplicaciones-america\/techos-verdes\/\" >\n\t\t\t\tTechos Verdes\t\t\t<\/a>\n\t\t<\/h3>\n\t\t\t\t<div class=\"elementor-post__excerpt\">\n\t\t\t<p>Techos Verdes Los techos verdes se han convertido en un componente muy importante del desarrollo urbano sostenible. La creciente concientizaci\u00f3n medioambiental y las ventajas econ\u00f3micas y ecol\u00f3gicas notables son fuerzas<\/p>\n\t\t<\/div>\n\t\t\t\t\t<div class=\"elementor-post__read-more-wrapper\">\n\t\t\n\t\t<a class=\"elementor-post__read-more\" href=\"https:\/\/america.com.uy\/construccion\/aplicaciones-america\/techos-verdes\/\" aria-label=\"Read more about Techos Verdes\" >\n\t\t\tVer aplicaci\u00f3n \u00bb\t\t<\/a>\n\n\t\t\t\t\t<\/div>\n\t\t\t\t<\/div>\n\t\t\t\t\t<\/div>\n\t\t<\/article>\n\t\t\t\t<article class=\"elementor-post elementor-grid-item post-12022 aplicaciones-america type-aplicaciones-america status-publish has-post-thumbnail hentry category-ingenieria-ambiental category-ingenieria-hidraulica category-ingenieria-vial category-obras-civiles-y-arquitectura tag-cortina-de-turbidez tag-geotextil-rt tag-geotextiles-no-tejidos tag-incomat tag-tenax-lbo\">\n\t\t\t<div class=\"elementor-post__card\">\n\t\t\t\t<a class=\"elementor-post__thumbnail__link\" href=\"https:\/\/america.com.uy\/construccion\/aplicaciones-america\/refuerzo-constructivo-2\/\" ><div class=\"elementor-post__thumbnail\"><img decoding=\"async\" width=\"300\" height=\"194\" src=\"data:image\/svg+xml;charset=utf-8,%3Csvg xmlns%3D&#039;http%3A%2F%2Fwww.w3.org%2F2000%2Fsvg&#039; viewBox%3D&#039;0 0  &#039;%2F%3E\" class=\"attachment-medium size-medium wp-image-13131 ld-lazyload\" alt=\"\" itemprop=\"image\" data-src=\"https:\/\/america.com.uy\/construccion\/wp-content\/uploads\/2023\/12\/Mulldeponie_RGB-300x194.jpg\" data-srcset=\"https:\/\/america.com.uy\/construccion\/wp-content\/uploads\/2023\/12\/Mulldeponie_RGB-300x194.jpg 300w, https:\/\/america.com.uy\/construccion\/wp-content\/uploads\/2023\/12\/Mulldeponie_RGB-1024x661.jpg 1024w, https:\/\/america.com.uy\/construccion\/wp-content\/uploads\/2023\/12\/Mulldeponie_RGB-scaled-700x450.jpg 700w\" data-sizes=\"(max-width: 300px) 100vw, 300px\" data-aspect=\"\" \/><\/div><\/a>\n\t\t\t\t<div class=\"elementor-post__badge\">Ingenier\u00eda Ambiental<\/div>\n\t\t\t\t<div class=\"elementor-post__text\">\n\t\t\t\t<h3 class=\"elementor-post__title\">\n\t\t\t<a href=\"https:\/\/america.com.uy\/construccion\/aplicaciones-america\/refuerzo-constructivo-2\/\" >\n\t\t\t\tControl de Erosi\u00f3n\t\t\t<\/a>\n\t\t<\/h3>\n\t\t\t\t<div class=\"elementor-post__excerpt\">\n\t\t\t<p>La erosi\u00f3n es un proceso natural causado por las fuerzas del agua y el viento. Este es influenciadopor un cierto n\u00famero de factores, como el tipo de suelo, vegetaci\u00f3n y<\/p>\n\t\t<\/div>\n\t\t\t\t\t<div class=\"elementor-post__read-more-wrapper\">\n\t\t\n\t\t<a class=\"elementor-post__read-more\" href=\"https:\/\/america.com.uy\/construccion\/aplicaciones-america\/refuerzo-constructivo-2\/\" aria-label=\"Read more about Control de Erosi\u00f3n\" >\n\t\t\tVer aplicaci\u00f3n \u00bb\t\t<\/a>\n\n\t\t\t\t\t<\/div>\n\t\t\t\t<\/div>\n\t\t\t\t\t<\/div>\n\t\t<\/article>\n\t\t\t\t<\/div>\n\t\t\n\t\t\t\t\t\t<\/div>\n\t\t\t\t<\/div>\n\t\t\t\t\t<\/div>\n\t\t\t\t<\/div>\n\t\t\t\t<\/div>\n\t\t","protected":false},"excerpt":{"rendered":"<p>Ingenier\u00eda Ambiental<\/p>\n","protected":false},"author":3,"featured_media":0,"parent":0,"menu_order":0,"comment_status":"closed","ping_status":"closed","template":"","meta":{"_eb_attr":"","_monsterinsights_skip_tracking":false,"_monsterinsights_sitenote_active":false,"_monsterinsights_sitenote_note":"","_monsterinsights_sitenote_category":0,"footnotes":"","_links_to":"","_links_to_target":""},"class_list":["post-12296","page","type-page","status-publish","hentry"],"_links":{"self":[{"href":"https:\/\/america.com.uy\/construccion\/wp-json\/wp\/v2\/pages\/12296","targetHints":{"allow":["GET"]}}],"collection":[{"href":"https:\/\/america.com.uy\/construccion\/wp-json\/wp\/v2\/pages"}],"about":[{"href":"https:\/\/america.com.uy\/construccion\/wp-json\/wp\/v2\/types\/page"}],"author":[{"embeddable":true,"href":"https:\/\/america.com.uy\/construccion\/wp-json\/wp\/v2\/users\/3"}],"replies":[{"embeddable":true,"href":"https:\/\/america.com.uy\/construccion\/wp-json\/wp\/v2\/comments?post=12296"}],"version-history":[{"count":0,"href":"https:\/\/america.com.uy\/construccion\/wp-json\/wp\/v2\/pages\/12296\/revisions"}],"wp:attachment":[{"href":"https:\/\/america.com.uy\/construccion\/wp-json\/wp\/v2\/media?parent=12296"}],"curies":[{"name":"wp","href":"https:\/\/api.w.org\/{rel}","templated":true}]}}